{"id":13476,"date":"2018-12-14T14:12:00","date_gmt":"2018-12-14T13:12:00","guid":{"rendered":"https:\/\/www.holz-von-hier.eu\/for-customers\/"},"modified":"2022-11-26T08:33:38","modified_gmt":"2022-11-26T07:33:38","slug":"for-customers","status":"publish","type":"page","link":"https:\/\/www.holz-von-hier.eu\/en\/for-customers\/","title":{"rendered":"For customers"},"content":{"rendered":"\n<style type=\"text\/css\" data-created_by=\"avia_inline_auto\" id=\"style-css-av-av_heading-3c8eb402c70575c092e5b21dd2a59c11\">\n#top .av-special-heading.av-av_heading-3c8eb402c70575c092e5b21dd2a59c11{\npadding-bottom:10px;\n}\nbody .av-special-heading.av-av_heading-3c8eb402c70575c092e5b21dd2a59c11 .av-special-heading-tag .heading-char{\nfont-size:25px;\n}\n.av-special-heading.av-av_heading-3c8eb402c70575c092e5b21dd2a59c11 .av-subheading{\nfont-size:15px;\n}\n<\/style>\n<div  class='av-special-heading av-av_heading-3c8eb402c70575c092e5b21dd2a59c11 av-special-heading-h1  avia-builder-el-0  el_before_av_textblock  avia-builder-el-first '><h1 class='av-special-heading-tag '  itemprop=\"headline\"  >LOW CARBON TIMBER for customers <\/h1><div class=\"special-heading-border\"><div class=\"special-heading-inner-border\"><\/div><\/div><\/div>\n\n<style type=\"text\/css\" data-created_by=\"avia_inline_auto\" id=\"style-css-av-1eoxyis-59a22cd97bf8118e808374ad9c3808d7\">\n#top .av_textblock_section.av-1eoxyis-59a22cd97bf8118e808374ad9c3808d7 .avia_textblock{\nfont-size:16px;\n}\n<\/style>\n<section  class='av_textblock_section av-1eoxyis-59a22cd97bf8118e808374ad9c3808d7 '   itemscope=\"itemscope\" itemtype=\"https:\/\/schema.org\/CreativeWork\" ><div class='avia_textblock'  itemprop=\"text\" ><p>HOLZ VON HIER (HVH) is also called LOW CARBON TIMBER (LCT) in non-German speaking countries of the European Union.<\/p>\n<p><span style=\"color: #008000;\">Products with HVH\/LCT certificate suit you if you &#8230;<\/span><\/p>\n<ul>\n<li><span style=\"color: #008000;\">&#8230; want to contribute to the protection of climate, environment, animals, plants and the efficient use of resources, energy and water.<\/span><\/li>\n<li><span style=\"color: #008000;\">&#8230; love nature and feel connected to your region.<\/span><\/li>\n<li><span style=\"color: #008000;\">&#8230; want to buy socially-fairly produced as well as healthy and safe products.<\/span><\/li>\n<li><span style=\"color: #008000;\">&#8230; love variety and diversity, but also want to act responsibly and sustainably.<\/span><\/li>\n<\/ul>\n<\/div><\/section>\n<div  class='hr av-1897mg4-3560f25b63240f3bbf624597191f672e hr-default  avia-builder-el-2  el_after_av_textblock  el_before_av_one_half '><span class='hr-inner '><span class=\"hr-inner-style\"><\/span><\/span><\/div>\n\n<style type=\"text\/css\" data-created_by=\"avia_inline_auto\" id=\"style-css-av-47tmbo-379ebe0d27042733867fc5c09f9ff206\">\n.flex_column.av-47tmbo-379ebe0d27042733867fc5c09f9ff206{\nborder-radius:0px 0px 0px 0px;\npadding:0px 0px 0px 0px;\n}\n<\/style>\n<div  class='flex_column av-47tmbo-379ebe0d27042733867fc5c09f9ff206 av_one_half  avia-builder-el-3  el_after_av_hr  el_before_av_one_half  first flex_column_div av-zero-column-padding  '     ><p>\n<style type=\"text\/css\" data-created_by=\"avia_inline_auto\" id=\"style-css-av-3lpkx0-764e9fba9ae71ad6c2733f0d94509fd0\">\n#top .av-special-heading.av-3lpkx0-764e9fba9ae71ad6c2733f0d94509fd0{\npadding-bottom:10px;\n}\nbody .av-special-heading.av-3lpkx0-764e9fba9ae71ad6c2733f0d94509fd0 .av-special-heading-tag .heading-char{\nfont-size:25px;\n}\n.av-special-heading.av-3lpkx0-764e9fba9ae71ad6c2733f0d94509fd0 .av-subheading{\nfont-size:15px;\n}\n<\/style>\n<div  class='av-special-heading av-3lpkx0-764e9fba9ae71ad6c2733f0d94509fd0 av-special-heading-h4  avia-builder-el-4  el_before_av_textblock  avia-builder-el-first '><h4 class='av-special-heading-tag '  itemprop=\"headline\"  >Why should you ask for a Low Carbon Timber certificate?<\/h4><div class=\"special-heading-border\"><div class=\"special-heading-inner-border\"><\/div><\/div><\/div><br \/>\n<section  class='av_textblock_section av-13i0fg4-76c157e4d8a4ced173b11ed1bc6657f9 '   itemscope=\"itemscope\" itemtype=\"https:\/\/schema.org\/CreativeWork\" ><div class='avia_textblock'  itemprop=\"text\" ><p><strong><span style=\"color: #000000;\">Nur wenn Kunden wie Sie gezielt nach klimafreundlichen Produkten der kurzen Wege fragen, \u00e4ndern Unternehmen ihre Beschaffung zugunsten kurzer Wege &#8230;<\/span><\/strong><\/p>\n<p>&#8230; und das wird immer essentieller, denn der zunehmend globaler werdende Transport von Waren und Rohstoffen tr\u00e4gt ma\u00dfgeblich zum Umweltfussabdruck von Produkten bei. Heute ist der Verkehr die 3. gr\u00f6\u00dfte Ursache f\u00fcr den Klimawandel, neben dem Energieverbrauch und dem nicht nachhaltigen Einschlag an tropischen Urw\u00e4ldern und den\u00a0 borealen Urw\u00e4ldern beispielsweise in Russland. Der weltweite Warenverkehr steigt seit Jahren stark an und wird noch weiter wachsen. Der Verkehr ist auch in der EU der einzige Sektor mit stetig steigenden, statt r\u00fcckl\u00e4ufigen CO2 Emissionen. Das hat nicht nur erhebliche Auswirkungen auf Umwelt und Klima, sondern ist mit hohen volkswirtschaftlichen Kosten verbunden.<\/p>\n<p>Erfahren Sie hier mehr: <strong>&#8220;<a href=\"http:\/\/www.holz-von-hier.eu\/wp-content\/uploads\/2019\/06\/Brosch&#xFC;re-Bedeutung-von-Transporten.pdf\" target=\"_blank\" rel=\"noopener noreferrer\">Bedeutung von Transporten<\/a>&#8220;.<\/strong><\/p>\n<\/div><\/section><\/p><\/div>\n\n<style type=\"text\/css\" data-created_by=\"avia_inline_auto\" id=\"style-css-av-47tmbo-2608040fb7d59c8d2ca7c658deadc16a\">\n.flex_column.av-47tmbo-2608040fb7d59c8d2ca7c658deadc16a{\nborder-radius:0px 0px 0px 0px;\npadding:0px 0px 0px 0px;\n}\n<\/style>\n<div  class='flex_column av-47tmbo-2608040fb7d59c8d2ca7c658deadc16a av_one_half  avia-builder-el-6  el_after_av_one_half  el_before_av_one_half  flex_column_div av-zero-column-padding  '     ><p>\n<style type=\"text\/css\" data-created_by=\"avia_inline_auto\" id=\"style-css-av-28z91w-a2636fe32abbad971ace17e21b1d2e37\">\n#top .av-special-heading.av-28z91w-a2636fe32abbad971ace17e21b1d2e37{\npadding-bottom:10px;\n}\nbody .av-special-heading.av-28z91w-a2636fe32abbad971ace17e21b1d2e37 .av-special-heading-tag .heading-char{\nfont-size:25px;\n}\n.av-special-heading.av-28z91w-a2636fe32abbad971ace17e21b1d2e37 .av-subheading{\nfont-size:15px;\n}\n<\/style>\n<div  class='av-special-heading av-28z91w-a2636fe32abbad971ace17e21b1d2e37 av-special-heading-h4  avia-builder-el-7  el_before_av_textblock  avia-builder-el-first '><h4 class='av-special-heading-tag '  itemprop=\"headline\"  >Your contribution to climate protection <\/h4><div class=\"special-heading-border\"><div class=\"special-heading-inner-border\"><\/div><\/div><\/div><br \/>\n<section  class='av_textblock_section av-13i0fg4-76c157e4d8a4ced173b11ed1bc6657f9 '   itemscope=\"itemscope\" itemtype=\"https:\/\/schema.org\/CreativeWork\" ><div class='avia_textblock'  itemprop=\"text\" ><p><strong><span style=\"color: #000000;\">Produkte aus Holz der kurzen Wege einkaufen, hei\u00dft Klimaschutz und Umweltschutz sowie regionale Wertsch\u00f6pfung praktisch umsetzen.<\/span><\/strong><\/p>\n<p>Mit dem Kauf von HOLZ VON HIER\u00ae zertifizierten Produkten leisten Sie einen konkreten und wichtigen Beitrag zum Klimaschutz. Selten ist Klima- und Umweltschutz auf so einfache Weise umzusetzen und noch dazu mit so viel Freude. Ein Gro\u00dfteil der Warenstr\u00f6me ist unn\u00f6tig und l\u00e4sst sich durch Schlie\u00dfung von regionalen Produktionskreisl\u00e4ufen in kurzen Wegen vermeiden. Ihr Einkauf eines Produktes mit HOLZ VON HIER\u00ae bewirkt mehr als viele Klimaschutzma\u00dfnahmen, die Sie bisher kennen.<\/p>\n<p>Durch kurze Wege lassen sich auch bei Holzprodukten gewaltige Mengen an CO2 einsparen. Wie viel vom Klimagas CO2 tats\u00e4chlich durch kurze Wege eingespart werden kann, wird oft gewaltig untersch\u00e4tzt. Hier finden Sie einen <strong><a href=\"https:\/\/www.holz-von-hier.eu\/wp-content\/uploads\/2022\/09\/CO2-Vergleich-Bauholz-2020.pdf\" target=\"_blank\" rel=\"noopener noreferrer\">CO2-Vergleich<\/a><\/strong> von HOLZ VON HIER\u00ae zertifizierten Produkten mit CO2 Einsparma\u00dfnahmen der \u00fcblichen Art.<\/p>\n<\/div><\/section><\/p><\/div>\n\n<style type=\"text\/css\" data-created_by=\"avia_inline_auto\" id=\"style-css-av-4otz2s-e0ac2e0d25e4ef2e23cf14b1dd4aac46\">\n.flex_column.av-4otz2s-e0ac2e0d25e4ef2e23cf14b1dd4aac46{\nborder-radius:0px 0px 0px 0px;\npadding:0px 0px 0px 0px;\n}\n<\/style>\n<div  class='flex_column av-4otz2s-e0ac2e0d25e4ef2e23cf14b1dd4aac46 av_one_half  avia-builder-el-9  el_after_av_one_half  el_before_av_one_half  first flex_column_div av-zero-column-padding  column-top-margin'     ><p>\n<style type=\"text\/css\" data-created_by=\"avia_inline_auto\" id=\"style-css-av-l8da5lod-c6f8108622121cf94092d216d15f49a1\">\n#top .av-special-heading.av-l8da5lod-c6f8108622121cf94092d216d15f49a1{\npadding-bottom:10px;\n}\nbody .av-special-heading.av-l8da5lod-c6f8108622121cf94092d216d15f49a1 .av-special-heading-tag .heading-char{\nfont-size:25px;\n}\n.av-special-heading.av-l8da5lod-c6f8108622121cf94092d216d15f49a1 .av-subheading{\nfont-size:15px;\n}\n<\/style>\n<div  class='av-special-heading av-l8da5lod-c6f8108622121cf94092d216d15f49a1 av-special-heading-h4  avia-builder-el-10  el_before_av_textblock  avia-builder-el-first '><h4 class='av-special-heading-tag '  itemprop=\"headline\"  >How do I recognize <span class='special_amp'>&#8220;<\/span>Low Carbon Timber<span class='special_amp'>&#8221;<\/span> products?<\/h4><div class=\"special-heading-border\"><div class=\"special-heading-inner-border\"><\/div><\/div><\/div><br \/>\n<section  class='av_textblock_section av-18kqsfo-5e97f6fb6d0293dfd77aaa37c7cfe5a3 '   itemscope=\"itemscope\" itemtype=\"https:\/\/schema.org\/CreativeWork\" ><div class='avia_textblock'  itemprop=\"text\" ><p><strong><span style=\"color: #000000;\">Das Umweltzeichen HOLZ VON HIER\u00ae zeichnet besonders klimafreundliche Holzprodukte der kurzen Wege mit Rohstoffen aus nachhaltig bewirtschafteten heimischen W\u00e4ldern aus. HOLZ VON HIER ist dabei das einzige Umweltlabel, das alle Warenstr\u00f6me von Wald an bis zu Ihrem konkreten Produkt verfolgt und nachweist.<\/span><\/strong><\/p>\n<p>Allerdings sollten Sie sich nicht auf Selbstaussagen von Betrieben oder H\u00e4ndlern alleine verlassen. Auch das Holz von Hier-Logo an sich ist noch kein Nachweis f\u00fcr kurze Wege im Produkt, da ein Anbieter sowohl Produkte aus Holz von Hier als auch normale Holzprodukte anbieten kann. Fragen Sie deshalb immer nach einem HOLZ VON HIER <strong><span style=\"color: #000000;\">Zertifikat<\/span> <\/strong>f\u00fcr Ihre Holzprodukte.<\/p>\n<p>Hier finden Sie ein <strong><a href=\"https:\/\/www.holz-von-hier.eu\/wp-content\/uploads\/2022\/07\/Musterzertifikat.pdf\" target=\"_blank\" rel=\"noopener noreferrer\">Musterzertifikat<\/a><\/strong><\/p>\n<\/div><\/section><\/p><\/div>\n<style type=\"text\/css\" data-created_by=\"avia_inline_auto\" id=\"style-css-av-1hp04tg-234a20ae2e0aedddbd3049fdf6b5867f\">\n.flex_column.av-1hp04tg-234a20ae2e0aedddbd3049fdf6b5867f{\nborder-radius:0px 0px 0px 0px;\npadding:0px 0px 0px 0px;\n}\n<\/style>\n<div  class='flex_column av-1hp04tg-234a20ae2e0aedddbd3049fdf6b5867f av_one_half  avia-builder-el-12  el_after_av_one_half  avia-builder-el-last  flex_column_div av-zero-column-padding  column-top-margin'     ><p>\n<style type=\"text\/css\" data-created_by=\"avia_inline_auto\" id=\"style-css-av-l8da5rys-01141024a685bcdca2f5be387d2dd17a\">\n#top .av-special-heading.av-l8da5rys-01141024a685bcdca2f5be387d2dd17a{\npadding-bottom:10px;\n}\nbody .av-special-heading.av-l8da5rys-01141024a685bcdca2f5be387d2dd17a .av-special-heading-tag .heading-char{\nfont-size:25px;\n}\n.av-special-heading.av-l8da5rys-01141024a685bcdca2f5be387d2dd17a .av-subheading{\nfont-size:15px;\n}\n<\/style>\n<div  class='av-special-heading av-l8da5rys-01141024a685bcdca2f5be387d2dd17a av-special-heading-h4  avia-builder-el-13  el_before_av_textblock  avia-builder-el-first '><h4 class='av-special-heading-tag '  itemprop=\"headline\"  >Find suppliers and products<\/h4><div class=\"special-heading-border\"><div class=\"special-heading-inner-border\"><\/div><\/div><\/div><br \/>\n<section  class='av_textblock_section av-1eoxyis-4ffaa5e921194e7798d8ffaaece80a05 '   itemscope=\"itemscope\" itemtype=\"https:\/\/schema.org\/CreativeWork\" ><div class='avia_textblock'  itemprop=\"text\" ><p><strong><span style=\"color: #000000;\">Almost all products you might be interested in are available with the LOW CARBON TIMBER certificate. If you still can not find your desired product with HVH \/ LCT certificate. Ask for it !<\/span><br \/>\n<\/strong><\/p>\n<p>Even if your planner, the carpenter&#8217;s workshop, the furniture store, the building market or energy dealer with whom you are a customer has not yet heard of HOLZ VON HIER (HVH) resp. LOW CARBON TIMBER (LCT) have heard, they can join in very quickly. It is crucial that you as a customer ask for the HVH \/ LCT certificate. Only when customers like YOU specifically ask for climate-friendly short-haul products will companies change their procurement in favor of short-haul. This is an essential contribution to climate protection that you can make with your purchase.<\/p>\n<\/div><\/section><br \/>\n<div  class='avia-button-wrap av-1cdmk4k-a57a6b86f23daf72b6db94ee669f00e4-wrap avia-button-center  avia-builder-el-15  el_after_av_textblock  avia-builder-el-last '><a href='https:\/\/www.holz-von-hier.eu\/en\/find-provider\/'  class='avia-button av-1cdmk4k-a57a6b86f23daf72b6db94ee669f00e4 av-link-btn avia-icon_select-no avia-size-medium avia-position-center avia-color-theme-color'  target=\"_blank\"  rel=\"noopener noreferrer\"  aria-label=\"Find products\"><span class='avia_iconbox_title' >Find products<\/span><\/a><\/div><\/p><\/div><\/p>\n","protected":false},"excerpt":{"rendered":"","protected":false},"author":5,"featured_media":0,"parent":0,"menu_order":0,"comment_status":"closed","ping_status":"closed","template":"","meta":{"footnotes":""},"class_list":["post-13476","page","type-page","status-publish","hentry"],"yoast_head":"<!-- This site is optimized with the Yoast SEO plugin v27.5 - https:\/\/yoast.com\/product\/yoast-seo-wordpress\/ -->\n<title>For customers - HOLZ VON HIER<\/title>\n<meta name=\"robots\" content=\"index, follow, max-snippet:-1, max-image-preview:large, max-video-preview:-1\" \/>\n<link rel=\"canonical\" href=\"https:\/\/www.holz-von-hier.eu\/en\/for-customers\/\" \/>\n<meta property=\"og:locale\" content=\"en_US\" \/>\n<meta property=\"og:type\" content=\"article\" \/>\n<meta property=\"og:title\" content=\"For customers - HOLZ VON HIER\" \/>\n<meta property=\"og:url\" content=\"https:\/\/www.holz-von-hier.eu\/en\/for-customers\/\" \/>\n<meta property=\"og:site_name\" content=\"HOLZ VON HIER\" \/>\n<meta property=\"article:publisher\" content=\"https:\/\/www.facebook.com\/HolzVonHier\/\" \/>\n<meta property=\"article:modified_time\" content=\"2022-11-26T07:33:38+00:00\" \/>\n<meta name=\"twitter:card\" content=\"summary_large_image\" \/>\n<meta name=\"twitter:site\" content=\"@HolzvonHier\" \/>\n<meta name=\"twitter:label1\" content=\"Est. reading time\" \/>\n\t<meta name=\"twitter:data1\" content=\"7 minutes\" \/>\n<script type=\"application\/ld+json\" class=\"yoast-schema-graph\">{\"@context\":\"https:\\\/\\\/schema.org\",\"@graph\":[{\"@type\":\"WebPage\",\"@id\":\"https:\\\/\\\/www.holz-von-hier.eu\\\/en\\\/for-customers\\\/\",\"url\":\"https:\\\/\\\/www.holz-von-hier.eu\\\/en\\\/for-customers\\\/\",\"name\":\"For customers - HOLZ VON HIER\",\"isPartOf\":{\"@id\":\"https:\\\/\\\/www.holz-von-hier.eu\\\/en\\\/#website\"},\"datePublished\":\"2018-12-14T13:12:00+00:00\",\"dateModified\":\"2022-11-26T07:33:38+00:00\",\"breadcrumb\":{\"@id\":\"https:\\\/\\\/www.holz-von-hier.eu\\\/en\\\/for-customers\\\/#breadcrumb\"},\"inLanguage\":\"en-US\",\"potentialAction\":[{\"@type\":\"ReadAction\",\"target\":[\"https:\\\/\\\/www.holz-von-hier.eu\\\/en\\\/for-customers\\\/\"]}]},{\"@type\":\"BreadcrumbList\",\"@id\":\"https:\\\/\\\/www.holz-von-hier.eu\\\/en\\\/for-customers\\\/#breadcrumb\",\"itemListElement\":[{\"@type\":\"ListItem\",\"position\":1,\"name\":\"Startseite\",\"item\":\"https:\\\/\\\/www.holz-von-hier.eu\\\/en\\\/holz-von-hier\\\/\"},{\"@type\":\"ListItem\",\"position\":2,\"name\":\"For customers\"}]},{\"@type\":\"WebSite\",\"@id\":\"https:\\\/\\\/www.holz-von-hier.eu\\\/en\\\/#website\",\"url\":\"https:\\\/\\\/www.holz-von-hier.eu\\\/en\\\/\",\"name\":\"Holz von hier\",\"description\":\"Umweltlabel f\u00fcr klimafreundlich hergestellte, nachhaltige Produkte aus Holz.\",\"publisher\":{\"@id\":\"https:\\\/\\\/www.holz-von-hier.eu\\\/en\\\/#organization\"},\"potentialAction\":[{\"@type\":\"SearchAction\",\"target\":{\"@type\":\"EntryPoint\",\"urlTemplate\":\"https:\\\/\\\/www.holz-von-hier.eu\\\/en\\\/?s={search_term_string}\"},\"query-input\":{\"@type\":\"PropertyValueSpecification\",\"valueRequired\":true,\"valueName\":\"search_term_string\"}}],\"inLanguage\":\"en-US\"},{\"@type\":\"Organization\",\"@id\":\"https:\\\/\\\/www.holz-von-hier.eu\\\/en\\\/#organization\",\"name\":\"Holz von hier\",\"url\":\"https:\\\/\\\/www.holz-von-hier.eu\\\/en\\\/\",\"logo\":{\"@type\":\"ImageObject\",\"inLanguage\":\"en-US\",\"@id\":\"https:\\\/\\\/www.holz-von-hier.eu\\\/en\\\/#\\\/schema\\\/logo\\\/image\\\/\",\"url\":\"https:\\\/\\\/www.holz-von-hier.eu\\\/wp-content\\\/uploads\\\/2022\\\/11\\\/Logo_neu_3-1.jpg\",\"contentUrl\":\"https:\\\/\\\/www.holz-von-hier.eu\\\/wp-content\\\/uploads\\\/2022\\\/11\\\/Logo_neu_3-1.jpg\",\"width\":495,\"height\":140,\"caption\":\"Holz von hier\"},\"image\":{\"@id\":\"https:\\\/\\\/www.holz-von-hier.eu\\\/en\\\/#\\\/schema\\\/logo\\\/image\\\/\"},\"sameAs\":[\"https:\\\/\\\/www.facebook.com\\\/HolzVonHier\\\/\",\"https:\\\/\\\/x.com\\\/HolzvonHier\"]}]}<\/script>\n<!-- \/ Yoast SEO plugin. -->","yoast_head_json":{"title":"For customers - HOLZ VON HIER","robots":{"index":"index","follow":"follow","max-snippet":"max-snippet:-1","max-image-preview":"max-image-preview:large","max-video-preview":"max-video-preview:-1"},"canonical":"https:\/\/www.holz-von-hier.eu\/en\/for-customers\/","og_locale":"en_US","og_type":"article","og_title":"For customers - HOLZ VON HIER","og_url":"https:\/\/www.holz-von-hier.eu\/en\/for-customers\/","og_site_name":"HOLZ VON HIER","article_publisher":"https:\/\/www.facebook.com\/HolzVonHier\/","article_modified_time":"2022-11-26T07:33:38+00:00","twitter_card":"summary_large_image","twitter_site":"@HolzvonHier","twitter_misc":{"Est. reading time":"7 minutes"},"schema":{"@context":"https:\/\/schema.org","@graph":[{"@type":"WebPage","@id":"https:\/\/www.holz-von-hier.eu\/en\/for-customers\/","url":"https:\/\/www.holz-von-hier.eu\/en\/for-customers\/","name":"For customers - HOLZ VON HIER","isPartOf":{"@id":"https:\/\/www.holz-von-hier.eu\/en\/#website"},"datePublished":"2018-12-14T13:12:00+00:00","dateModified":"2022-11-26T07:33:38+00:00","breadcrumb":{"@id":"https:\/\/www.holz-von-hier.eu\/en\/for-customers\/#breadcrumb"},"inLanguage":"en-US","potentialAction":[{"@type":"ReadAction","target":["https:\/\/www.holz-von-hier.eu\/en\/for-customers\/"]}]},{"@type":"BreadcrumbList","@id":"https:\/\/www.holz-von-hier.eu\/en\/for-customers\/#breadcrumb","itemListElement":[{"@type":"ListItem","position":1,"name":"Startseite","item":"https:\/\/www.holz-von-hier.eu\/en\/holz-von-hier\/"},{"@type":"ListItem","position":2,"name":"For customers"}]},{"@type":"WebSite","@id":"https:\/\/www.holz-von-hier.eu\/en\/#website","url":"https:\/\/www.holz-von-hier.eu\/en\/","name":"Holz von hier","description":"Umweltlabel f\u00fcr klimafreundlich hergestellte, nachhaltige Produkte aus Holz.","publisher":{"@id":"https:\/\/www.holz-von-hier.eu\/en\/#organization"},"potentialAction":[{"@type":"SearchAction","target":{"@type":"EntryPoint","urlTemplate":"https:\/\/www.holz-von-hier.eu\/en\/?s={search_term_string}"},"query-input":{"@type":"PropertyValueSpecification","valueRequired":true,"valueName":"search_term_string"}}],"inLanguage":"en-US"},{"@type":"Organization","@id":"https:\/\/www.holz-von-hier.eu\/en\/#organization","name":"Holz von hier","url":"https:\/\/www.holz-von-hier.eu\/en\/","logo":{"@type":"ImageObject","inLanguage":"en-US","@id":"https:\/\/www.holz-von-hier.eu\/en\/#\/schema\/logo\/image\/","url":"https:\/\/www.holz-von-hier.eu\/wp-content\/uploads\/2022\/11\/Logo_neu_3-1.jpg","contentUrl":"https:\/\/www.holz-von-hier.eu\/wp-content\/uploads\/2022\/11\/Logo_neu_3-1.jpg","width":495,"height":140,"caption":"Holz von hier"},"image":{"@id":"https:\/\/www.holz-von-hier.eu\/en\/#\/schema\/logo\/image\/"},"sameAs":["https:\/\/www.facebook.com\/HolzVonHier\/","https:\/\/x.com\/HolzvonHier"]}]}},"_links":{"self":[{"href":"https:\/\/www.holz-von-hier.eu\/en\/wp-json\/wp\/v2\/pages\/13476","targetHints":{"allow":["GET"]}}],"collection":[{"href":"https:\/\/www.holz-von-hier.eu\/en\/wp-json\/wp\/v2\/pages"}],"about":[{"href":"https:\/\/www.holz-von-hier.eu\/en\/wp-json\/wp\/v2\/types\/page"}],"author":[{"embeddable":true,"href":"https:\/\/www.holz-von-hier.eu\/en\/wp-json\/wp\/v2\/users\/5"}],"replies":[{"embeddable":true,"href":"https:\/\/www.holz-von-hier.eu\/en\/wp-json\/wp\/v2\/comments?post=13476"}],"version-history":[{"count":0,"href":"https:\/\/www.holz-von-hier.eu\/en\/wp-json\/wp\/v2\/pages\/13476\/revisions"}],"wp:attachment":[{"href":"https:\/\/www.holz-von-hier.eu\/en\/wp-json\/wp\/v2\/media?parent=13476"}],"curies":[{"name":"wp","href":"https:\/\/api.w.org\/{rel}","templated":true}]}}