{"id":7464,"date":"2015-12-23T15:50:52","date_gmt":"2015-12-23T14:50:52","guid":{"rendered":"http:\/\/neu.holz-von-hier.de\/?page_id=286"},"modified":"2023-03-05T08:32:36","modified_gmt":"2023-03-05T07:32:36","slug":"holz-von-hier-nachfragen","status":"publish","type":"page","link":"https:\/\/www.holz-von-hier.eu\/it\/holz-von-hier-nachfragen\/","title":{"rendered":"Come participare"},"content":{"rendered":"\n<style type=\"text\/css\" data-created_by=\"avia_inline_auto\" id=\"style-css-av-av_heading-815151c11a3e8915ea0343abd29ab90d\">\n#top .av-special-heading.av-av_heading-815151c11a3e8915ea0343abd29ab90d{\npadding-bottom:10px;\n}\nbody .av-special-heading.av-av_heading-815151c11a3e8915ea0343abd29ab90d .av-special-heading-tag .heading-char{\nfont-size:25px;\n}\n.av-special-heading.av-av_heading-815151c11a3e8915ea0343abd29ab90d .av-subheading{\nfont-size:15px;\n}\n<\/style>\n<div  class='av-special-heading av-av_heading-815151c11a3e8915ea0343abd29ab90d av-special-heading-h1  avia-builder-el-0  el_before_av_textblock  avia-builder-el-first '><h1 class='av-special-heading-tag '  itemprop=\"headline\"  >Come consumatore: chiedete un certificato LCT<\/h1><div class=\"special-heading-border\"><div class=\"special-heading-inner-border\"><\/div><\/div><\/div>\n<section  class='av_textblock_section av-a6et2-e39e77666a82e34be08f51dcaa5fa85c '   itemscope=\"itemscope\" itemtype=\"https:\/\/schema.org\/CreativeWork\" ><div class='avia_textblock'  itemprop=\"text\" ><p>La cosa pi\u00f9 importante \u00e8 chiedere il certificato LCT quando si acquistano o si procurano prodotti in legno. Negli ultimi anni il flusso di merci si \u00e8 ampliato enormemente. Oggi il legno \u00e8 un prodotto commercializzato a livello globale. Pertanto, difficilmente si pu\u00f2 essere certi che il legno del prodotto o dell&#8217;edificio provenga da fonti regionali &#8211; in molti casi non \u00e8 pi\u00f9 cos\u00ec. Poich\u00e9 non \u00e8 possibile stabilire da dove proviene il legno e quanto \u00e8 stato trasportato, \u00e8 stato sviluppato il sistema di controllo e il certificato di origine del legno. Poich\u00e9 il certificato non certifica l&#8217;azienda, ma il rispettivo prodotto o lotto consegnato, \u00e8 importante chiedere una prova per ogni oggetto o progetto. Un&#8217;autodichiarazione dell&#8217;azienda non \u00e8 sufficiente in questo caso.<\/p>\n<p>Anche nel caso di aziende che non sono ancora registrate nella rete Low Carbon Timber (si veda la sezione Trova un fornitore), vale la pena di chiedere una prova di Low Carbon Timber. Da un lato, un&#8217;azienda pu\u00f2 anche ottenere una certificazione corrispondente per il prodotto fornito con breve preavviso per un ordine specifico; dall&#8217;altro, solo grazie a una richiesta evidente e corrispondente, sempre pi\u00f9 aziende cambieranno il loro metodo di approvvigionamento di materie prime e i cicli dei materiali saranno realizzati a livello locale.<\/p>\n<p><strong>Il <a href=\"https:\/\/www.holz-von-hier.eu\/wp-content\/uploads\/2022\/07\/Musterzertifikat.pdf\" target=\"_blank\" rel=\"noopener\">certificato esemplificativo<\/a><\/strong> fornisce un esempio di questo tipo di certificato.<\/p>\n<p>Come posso verificare l&#8217;autenticit\u00e0? \u00c8 possibile verificare l&#8217;autenticit\u00e0 di un certificato presentato immediatamente e facilmente online, \u00e9 sufficente scansionare il codice QR sul certificato. Se il certificato \u00e8 autentico, sullo schermo dovrebbe apparire un documento identico a quello che si tiene in mano.<\/p>\n<\/div><\/section>\n\n<style type=\"text\/css\" data-created_by=\"avia_inline_auto\" id=\"style-css-av-av_heading-c2aadeefe02c6919fe2452bef3463cee\">\n#top .av-special-heading.av-av_heading-c2aadeefe02c6919fe2452bef3463cee{\npadding-bottom:10px;\n}\nbody .av-special-heading.av-av_heading-c2aadeefe02c6919fe2452bef3463cee .av-special-heading-tag .heading-char{\nfont-size:25px;\n}\n.av-special-heading.av-av_heading-c2aadeefe02c6919fe2452bef3463cee .av-subheading{\nfont-size:15px;\n}\n<\/style>\n<div  class='av-special-heading av-av_heading-c2aadeefe02c6919fe2452bef3463cee av-special-heading-h1  avia-builder-el-2  el_after_av_textblock  el_before_av_textblock '><h1 class='av-special-heading-tag '  itemprop=\"headline\"  >Come progettisti \/ fornitori: promuoviamo il Low Carbon Timber <\/h1><div class=\"special-heading-border\"><div class=\"special-heading-inner-border\"><\/div><\/div><\/div>\n<section  class='av_textblock_section av-a6et2-e39e77666a82e34be08f51dcaa5fa85c '   itemscope=\"itemscope\" itemtype=\"https:\/\/schema.org\/CreativeWork\" ><div class='avia_textblock'  itemprop=\"text\" ><p>Il marchio di qualit\u00e0 ecologica LCT \u00e8 l&#8217;elemento fondamentale con cui architetti e progettisti possono garantire che l&#8217;edificio non solo sia ecologico grazie al materiale da costruzione legno e al suo sequestro di CO2, ma che anche il bilancio climatico dei materiali utilizzati sia ottimale. Low Carbon Timber \u00e8 il primo strumento che integra questi aspetti nelle gare d&#8217;appalto in conformit\u00e0 alla normativa sugli appalti. Anche come ente appaltante, non si pu\u00f2 fare affidamento sulle dichiarazioni degli offerenti. Il marchio di qualit\u00e0 ecologica &#8220;Low Carbon Timber&#8221; offre un modo semplice per garantire la conformit\u00e0 ai criteri desiderati e per poterla verificare facilmente.<\/p>\n<p>Le modalit\u00e0 di integrazione del marchio di qualit\u00e0 ecologica nelle gare d&#8217;appalto sono disponibili qui: <strong><a href=\"https:\/\/www.holz-von-hier.eu\/wp-content\/uploads\/2022\/07\/DE-Ablaufschema-Ausschreibung-mit-HVH.pdf\" target=\"_blank\" rel=\"noopener\">Diagramma di flusso &#8211; Gara d&#8217;appalto con l&#8217;AVS.<\/a><\/strong><\/p>\n<p>Risposte ad alcune domande frequenti in anticipo:<\/p>\n<p><strong><span style=\"color: #000000;\">1) Ci sono dei fornitori se richiedo del legno da qui nella gara d&#8217;appalto?<\/span> <\/strong><\/p>\n<p>S\u00ec! Soddisfare i requisiti di LCT \u00e8 solitamente semplice per la maggior parte degli operatori di mercato e degli offerenti. Anche se non ci sono ancora operazioni registrate in una determinata regione, questo non ostacola l&#8217;implementazione. A breve termine, un&#8217;azienda pu\u00f2 anche ottenere la certificazione per il legname fornito o utilizzato per un oggetto o un progetto edilizio specifico.<\/p>\n<p><strong><span style=\"color: #000000;\">2) Limito la concorrenza?<\/span> <\/strong><\/p>\n<p>In linea di principio no, perch\u00e9 Low Carbon Timber \u00e8 un sistema aperto che, in linea di principio, pu\u00f2 essere utilizzato da qualsiasi operatore di mercato se rispetta i criteri pertinenti. Poich\u00e9 il requisito si applica in egual misura a tutti i partecipanti al mercato, la concorrenza non viene limitata.<\/p>\n<p><strong><span style=\"color: #000000;\">3) L&#8217;oggetto diventer\u00e0 pi\u00f9 costoso?<\/span> <\/strong><\/p>\n<p>Non si pu\u00f2 rispondere n\u00e9 con un s\u00ec n\u00e9 con un no: tutte le varianti sono certamente possibili. Il fatto che il materiale diventi pi\u00f9 costoso o pi\u00f9 economico, o che rimanga invariato nel prezzo, dipende dal singolo caso, come per altri aspetti del processo di aggiudicazione.<\/p>\n<\/div><\/section>\n\n<style type=\"text\/css\" data-created_by=\"avia_inline_auto\" id=\"style-css-av-av_heading-9ff4f9f996e0b4a2672213bb1f935845\">\n#top .av-special-heading.av-av_heading-9ff4f9f996e0b4a2672213bb1f935845{\npadding-bottom:10px;\n}\nbody .av-special-heading.av-av_heading-9ff4f9f996e0b4a2672213bb1f935845 .av-special-heading-tag .heading-char{\nfont-size:25px;\n}\n.av-special-heading.av-av_heading-9ff4f9f996e0b4a2672213bb1f935845 .av-subheading{\nfont-size:15px;\n}\n<\/style>\n<div  class='av-special-heading av-av_heading-9ff4f9f996e0b4a2672213bb1f935845 av-special-heading-h1  avia-builder-el-4  el_after_av_textblock  el_before_av_textblock '><h1 class='av-special-heading-tag '  itemprop=\"headline\"  >Come azienda: registrare ed etichettare i prodotti<\/h1><div class=\"special-heading-border\"><div class=\"special-heading-inner-border\"><\/div><\/div><\/div>\n<section  class='av_textblock_section av-a6et2-e39e77666a82e34be08f51dcaa5fa85c '   itemscope=\"itemscope\" itemtype=\"https:\/\/schema.org\/CreativeWork\" ><div class='avia_textblock'  itemprop=\"text\" ><p>Utilizzare la possibilit\u00e0 di certificare i prodotti in legno \u00e8 relativamente semplice e facile anche per una piccola impresa artigiana. Il prerequisito \u00e8 l&#8217;accesso a Internet, poich\u00e9 il controllo del flusso di materiali viene effettuato elettronicamente. Non \u00e8 necessario certificare l&#8217;intera produzione, \u00e8 sufficente certificare solo i prodotti o i lotti di consegna che devono essere certificati LCT. La partecipazione \u00e8 possibile anche con breve preavviso e non richiede l&#8217;introduzione di un sistema di gestione complesso. L&#8217;impegno richiesto per partecipare a Low Carbon Timber \u00e8 ridotto al minimo, sin termini di tempo\/ di impegno amministrativo, e sia in termini di costi. Basta mettersi in <strong><a href=\"https:\/\/www.holz-von-hier.eu\/kontakt\/\">contatto<\/a><\/strong> con noi<\/p>\n<\/div><\/section>\n\n<style type=\"text\/css\" data-created_by=\"avia_inline_auto\" id=\"style-css-av-av_heading-8846f6714884dd134d17be2255f5c4f5\">\n#top .av-special-heading.av-av_heading-8846f6714884dd134d17be2255f5c4f5{\npadding-bottom:10px;\n}\nbody .av-special-heading.av-av_heading-8846f6714884dd134d17be2255f5c4f5 .av-special-heading-tag .heading-char{\nfont-size:25px;\n}\n.av-special-heading.av-av_heading-8846f6714884dd134d17be2255f5c4f5 .av-subheading{\nfont-size:15px;\n}\n<\/style>\n<div  class='av-special-heading av-av_heading-8846f6714884dd134d17be2255f5c4f5 av-special-heading-h1  avia-builder-el-6  el_after_av_textblock  el_before_av_textblock '><h1 class='av-special-heading-tag '  itemprop=\"headline\"  >Come organizzatione \/ istituzione: diventare partner<\/h1><div class=\"special-heading-border\"><div class=\"special-heading-inner-border\"><\/div><\/div><\/div>\n<section  class='av_textblock_section av-a6et2-e39e77666a82e34be08f51dcaa5fa85c '   itemscope=\"itemscope\" itemtype=\"https:\/\/schema.org\/CreativeWork\" ><div class='avia_textblock'  itemprop=\"text\" ><p>Low Carbon Timber, in quanto organizzazione senza scopo di lucro, non persegue interessi economici, ma si impegna per la protezione del clima, della biodiversit\u00e0 e delle risorse, nonch\u00e9 per la promozione della creazione di valore regionale. Per poter raggiungere questi obiettivi a livello nazionale e non solo, ha bisogno di molti soci e collaboratori.<\/p>\n<p>Se voi, come organizzazione, istituzione, societ\u00e0, associazione o altro, condividete questi obiettivi, potete sostenerli efficacemente nell&#8217;ambito di un partenariato. I partner possono essere attori delle pi\u00f9 diverse realt\u00e0 a livello locale, regionale, nazionale o internazionale. Una panoramica dei partner \u00e8 disponibile\u00a0<strong><a href=\"https:\/\/www.holz-von-hier.eu\/ueber-holz-von-hier\/partner-unterstuetzer\/\" target=\"_blank\" rel=\"noopener\">qui<\/a><\/strong>.<\/p>\n<p>I partner trovano in Low Carbon Timber un sostenitore e un interlocutore con molto know-how, esperienza e informazioni sull&#8217;industria forestale e del legno nel contesto del mercato e dell&#8217;ambiente. I partner possono utilizzare i vari materiali informativi e i documenti di Low Carbon Timber.<\/p>\n<p>Sostengono Low Carbon Timber nelle sue attivit\u00e0 senza scopo di lucro, ad esempio attraverso l&#8217;informazione e la comunicazione: informano i loro soci, partner, clienti o altri sul certificato Low Carbon Timber, riferiscono dell&#8217;iniziativa e del marchio climatico e ambientale nei loro mezzi di comunicazione, o si mettono in rete con LCT sul web e sui social media.<\/p>\n<p>Una partnership pu\u00f2 anche assumere la forma di un lavoro congiunto di pubbliche relazioni o di eventi comuni. Anche lo sviluppo e l&#8217;attuazione di progetti comuni possono essere espressione e forma di partenariato.<\/p>\n<p>Siamo felici di tutti coloro che contribuiscono a raggiungere i suddetti obiettivi per l&#8217;ambiente e le regioni, basta mettersi in <strong><a href=\"https:\/\/www.holz-von-hier.eu\/kontakt\/\" target=\"_blank\" rel=\"noopener\">contatto<\/a><\/strong> con noi.<\/p>\n<\/div><\/section>\n","protected":false},"excerpt":{"rendered":"","protected":false},"author":1,"featured_media":0,"parent":0,"menu_order":0,"comment_status":"closed","ping_status":"closed","template":"","meta":{"footnotes":""},"class_list":["post-7464","page","type-page","status-publish","hentry"],"yoast_head":"<!-- This site is optimized with the Yoast SEO plugin v27.4 - https:\/\/yoast.com\/product\/yoast-seo-wordpress\/ -->\n<title>Come participare - HOLZ VON HIER<\/title>\n<meta name=\"robots\" content=\"index, follow, max-snippet:-1, max-image-preview:large, max-video-preview:-1\" \/>\n<link rel=\"canonical\" href=\"https:\/\/www.holz-von-hier.eu\/it\/holz-von-hier-nachfragen\/\" \/>\n<meta property=\"og:locale\" content=\"it_IT\" \/>\n<meta property=\"og:type\" content=\"article\" \/>\n<meta property=\"og:title\" content=\"Come participare - HOLZ VON HIER\" \/>\n<meta property=\"og:url\" content=\"https:\/\/www.holz-von-hier.eu\/it\/holz-von-hier-nachfragen\/\" \/>\n<meta property=\"og:site_name\" content=\"HOLZ VON HIER\" \/>\n<meta property=\"article:publisher\" content=\"https:\/\/www.facebook.com\/HolzVonHier\/\" \/>\n<meta property=\"article:modified_time\" content=\"2023-03-05T07:32:36+00:00\" \/>\n<meta name=\"twitter:card\" content=\"summary_large_image\" \/>\n<meta name=\"twitter:site\" content=\"@HolzvonHier\" \/>\n<meta name=\"twitter:label1\" content=\"Tempo di lettura stimato\" \/>\n\t<meta name=\"twitter:data1\" content=\"7 minuti\" \/>\n<script type=\"application\/ld+json\" class=\"yoast-schema-graph\">{\"@context\":\"https:\\\/\\\/schema.org\",\"@graph\":[{\"@type\":\"WebPage\",\"@id\":\"https:\\\/\\\/www.holz-von-hier.eu\\\/it\\\/holz-von-hier-nachfragen\\\/\",\"url\":\"https:\\\/\\\/www.holz-von-hier.eu\\\/it\\\/holz-von-hier-nachfragen\\\/\",\"name\":\"Come participare - HOLZ VON HIER\",\"isPartOf\":{\"@id\":\"https:\\\/\\\/www.holz-von-hier.eu\\\/it\\\/#website\"},\"datePublished\":\"2015-12-23T14:50:52+00:00\",\"dateModified\":\"2023-03-05T07:32:36+00:00\",\"breadcrumb\":{\"@id\":\"https:\\\/\\\/www.holz-von-hier.eu\\\/it\\\/holz-von-hier-nachfragen\\\/#breadcrumb\"},\"inLanguage\":\"it-IT\",\"potentialAction\":[{\"@type\":\"ReadAction\",\"target\":[\"https:\\\/\\\/www.holz-von-hier.eu\\\/it\\\/holz-von-hier-nachfragen\\\/\"]}]},{\"@type\":\"BreadcrumbList\",\"@id\":\"https:\\\/\\\/www.holz-von-hier.eu\\\/it\\\/holz-von-hier-nachfragen\\\/#breadcrumb\",\"itemListElement\":[{\"@type\":\"ListItem\",\"position\":1,\"name\":\"Startseite\",\"item\":\"https:\\\/\\\/www.holz-von-hier.eu\\\/it\\\/home\\\/\"},{\"@type\":\"ListItem\",\"position\":2,\"name\":\"Come participare\"}]},{\"@type\":\"WebSite\",\"@id\":\"https:\\\/\\\/www.holz-von-hier.eu\\\/it\\\/#website\",\"url\":\"https:\\\/\\\/www.holz-von-hier.eu\\\/it\\\/\",\"name\":\"Holz von hier\",\"description\":\"Umweltlabel f\u00fcr klimafreundlich hergestellte, nachhaltige Produkte aus Holz.\",\"publisher\":{\"@id\":\"https:\\\/\\\/www.holz-von-hier.eu\\\/it\\\/#organization\"},\"potentialAction\":[{\"@type\":\"SearchAction\",\"target\":{\"@type\":\"EntryPoint\",\"urlTemplate\":\"https:\\\/\\\/www.holz-von-hier.eu\\\/it\\\/?s={search_term_string}\"},\"query-input\":{\"@type\":\"PropertyValueSpecification\",\"valueRequired\":true,\"valueName\":\"search_term_string\"}}],\"inLanguage\":\"it-IT\"},{\"@type\":\"Organization\",\"@id\":\"https:\\\/\\\/www.holz-von-hier.eu\\\/it\\\/#organization\",\"name\":\"Holz von hier\",\"url\":\"https:\\\/\\\/www.holz-von-hier.eu\\\/it\\\/\",\"logo\":{\"@type\":\"ImageObject\",\"inLanguage\":\"it-IT\",\"@id\":\"https:\\\/\\\/www.holz-von-hier.eu\\\/it\\\/#\\\/schema\\\/logo\\\/image\\\/\",\"url\":\"https:\\\/\\\/www.holz-von-hier.eu\\\/wp-content\\\/uploads\\\/2022\\\/11\\\/Logo_neu_3-1.jpg\",\"contentUrl\":\"https:\\\/\\\/www.holz-von-hier.eu\\\/wp-content\\\/uploads\\\/2022\\\/11\\\/Logo_neu_3-1.jpg\",\"width\":495,\"height\":140,\"caption\":\"Holz von hier\"},\"image\":{\"@id\":\"https:\\\/\\\/www.holz-von-hier.eu\\\/it\\\/#\\\/schema\\\/logo\\\/image\\\/\"},\"sameAs\":[\"https:\\\/\\\/www.facebook.com\\\/HolzVonHier\\\/\",\"https:\\\/\\\/x.com\\\/HolzvonHier\"]}]}<\/script>\n<!-- \/ Yoast SEO plugin. -->","yoast_head_json":{"title":"Come participare - HOLZ VON HIER","robots":{"index":"index","follow":"follow","max-snippet":"max-snippet:-1","max-image-preview":"max-image-preview:large","max-video-preview":"max-video-preview:-1"},"canonical":"https:\/\/www.holz-von-hier.eu\/it\/holz-von-hier-nachfragen\/","og_locale":"it_IT","og_type":"article","og_title":"Come participare - HOLZ VON HIER","og_url":"https:\/\/www.holz-von-hier.eu\/it\/holz-von-hier-nachfragen\/","og_site_name":"HOLZ VON HIER","article_publisher":"https:\/\/www.facebook.com\/HolzVonHier\/","article_modified_time":"2023-03-05T07:32:36+00:00","twitter_card":"summary_large_image","twitter_site":"@HolzvonHier","twitter_misc":{"Tempo di lettura stimato":"7 minuti"},"schema":{"@context":"https:\/\/schema.org","@graph":[{"@type":"WebPage","@id":"https:\/\/www.holz-von-hier.eu\/it\/holz-von-hier-nachfragen\/","url":"https:\/\/www.holz-von-hier.eu\/it\/holz-von-hier-nachfragen\/","name":"Come participare - HOLZ VON HIER","isPartOf":{"@id":"https:\/\/www.holz-von-hier.eu\/it\/#website"},"datePublished":"2015-12-23T14:50:52+00:00","dateModified":"2023-03-05T07:32:36+00:00","breadcrumb":{"@id":"https:\/\/www.holz-von-hier.eu\/it\/holz-von-hier-nachfragen\/#breadcrumb"},"inLanguage":"it-IT","potentialAction":[{"@type":"ReadAction","target":["https:\/\/www.holz-von-hier.eu\/it\/holz-von-hier-nachfragen\/"]}]},{"@type":"BreadcrumbList","@id":"https:\/\/www.holz-von-hier.eu\/it\/holz-von-hier-nachfragen\/#breadcrumb","itemListElement":[{"@type":"ListItem","position":1,"name":"Startseite","item":"https:\/\/www.holz-von-hier.eu\/it\/home\/"},{"@type":"ListItem","position":2,"name":"Come participare"}]},{"@type":"WebSite","@id":"https:\/\/www.holz-von-hier.eu\/it\/#website","url":"https:\/\/www.holz-von-hier.eu\/it\/","name":"Holz von hier","description":"Umweltlabel f\u00fcr klimafreundlich hergestellte, nachhaltige Produkte aus Holz.","publisher":{"@id":"https:\/\/www.holz-von-hier.eu\/it\/#organization"},"potentialAction":[{"@type":"SearchAction","target":{"@type":"EntryPoint","urlTemplate":"https:\/\/www.holz-von-hier.eu\/it\/?s={search_term_string}"},"query-input":{"@type":"PropertyValueSpecification","valueRequired":true,"valueName":"search_term_string"}}],"inLanguage":"it-IT"},{"@type":"Organization","@id":"https:\/\/www.holz-von-hier.eu\/it\/#organization","name":"Holz von hier","url":"https:\/\/www.holz-von-hier.eu\/it\/","logo":{"@type":"ImageObject","inLanguage":"it-IT","@id":"https:\/\/www.holz-von-hier.eu\/it\/#\/schema\/logo\/image\/","url":"https:\/\/www.holz-von-hier.eu\/wp-content\/uploads\/2022\/11\/Logo_neu_3-1.jpg","contentUrl":"https:\/\/www.holz-von-hier.eu\/wp-content\/uploads\/2022\/11\/Logo_neu_3-1.jpg","width":495,"height":140,"caption":"Holz von hier"},"image":{"@id":"https:\/\/www.holz-von-hier.eu\/it\/#\/schema\/logo\/image\/"},"sameAs":["https:\/\/www.facebook.com\/HolzVonHier\/","https:\/\/x.com\/HolzvonHier"]}]}},"_links":{"self":[{"href":"https:\/\/www.holz-von-hier.eu\/it\/wp-json\/wp\/v2\/pages\/7464","targetHints":{"allow":["GET"]}}],"collection":[{"href":"https:\/\/www.holz-von-hier.eu\/it\/wp-json\/wp\/v2\/pages"}],"about":[{"href":"https:\/\/www.holz-von-hier.eu\/it\/wp-json\/wp\/v2\/types\/page"}],"author":[{"embeddable":true,"href":"https:\/\/www.holz-von-hier.eu\/it\/wp-json\/wp\/v2\/users\/1"}],"replies":[{"embeddable":true,"href":"https:\/\/www.holz-von-hier.eu\/it\/wp-json\/wp\/v2\/comments?post=7464"}],"version-history":[{"count":0,"href":"https:\/\/www.holz-von-hier.eu\/it\/wp-json\/wp\/v2\/pages\/7464\/revisions"}],"wp:attachment":[{"href":"https:\/\/www.holz-von-hier.eu\/it\/wp-json\/wp\/v2\/media?parent=7464"}],"curies":[{"name":"wp","href":"https:\/\/api.w.org\/{rel}","templated":true}]}}