{"id":7538,"date":"2018-12-14T14:12:00","date_gmt":"2018-12-14T13:12:00","guid":{"rendered":"http:\/\/www.holz-von-hier.de\/?page_id=3972"},"modified":"2023-03-05T07:54:02","modified_gmt":"2023-03-05T06:54:02","slug":"fuer-kunden-alt","status":"publish","type":"page","link":"https:\/\/www.holz-von-hier.eu\/it\/fuer-kunden-alt\/","title":{"rendered":"Low Carbon Timber per i clienti"},"content":{"rendered":"<\/p>\n\n<style type=\"text\/css\" data-created_by=\"avia_inline_auto\" id=\"style-css-av-l9y8pfaz-d24110b38adf932b3ff8881c689f096f\">\n#top .av-special-heading.av-l9y8pfaz-d24110b38adf932b3ff8881c689f096f{\npadding-bottom:10px;\n}\nbody .av-special-heading.av-l9y8pfaz-d24110b38adf932b3ff8881c689f096f .av-special-heading-tag .heading-char{\nfont-size:25px;\n}\n.av-special-heading.av-l9y8pfaz-d24110b38adf932b3ff8881c689f096f .av-subheading{\nfont-size:15px;\n}\n<\/style>\n<div  class='av-special-heading av-l9y8pfaz-d24110b38adf932b3ff8881c689f096f av-special-heading-h1  avia-builder-el-0  el_before_av_textblock  avia-builder-el-first '><h1 class='av-special-heading-tag '  itemprop=\"headline\"  >Low Carbon Timber per i clienti<\/h1><div class=\"special-heading-border\"><div class=\"special-heading-inner-border\"><\/div><\/div><\/div>\n\n<style type=\"text\/css\" data-created_by=\"avia_inline_auto\" id=\"style-css-av-1eoxyis-59a22cd97bf8118e808374ad9c3808d7\">\n#top .av_textblock_section.av-1eoxyis-59a22cd97bf8118e808374ad9c3808d7 .avia_textblock{\nfont-size:16px;\n}\n<\/style>\n<section  class='av_textblock_section av-1eoxyis-59a22cd97bf8118e808374ad9c3808d7 '   itemscope=\"itemscope\" itemtype=\"https:\/\/schema.org\/CreativeWork\" ><div class='avia_textblock'  itemprop=\"text\" ><p>HOLZ VON HIER (HVH) heisst in nicht-deutschsprachigen L\u00e4ndern der Europ\u00e4ischen Union auch LOW CARBON TIMBER (LCT).<\/p>\n<p><span style=\"color: #008000;\">I prodotti con certificazione LCT sono ottimali perche&#8230; <\/span><\/p>\n<ul>\n<li><span style=\"color: #008000;\">&#8230; vogliono contribuire alla protezione del clima, dell&#8217;ambiente, degli animali e delle piante e all&#8217;uso efficiente delle risorse, dell&#8217;energia e dell&#8217;acqua. <\/span><\/li>\n<li><span style=\"color: #008000;\">&#8230; amano la natura e vi sentite legati alla vostra regione. <\/span><\/li>\n<li><span style=\"color: #008000;\">&#8230; vogliono acquistare prodotti socialmente equi, sani e sicuri. <\/span><\/li>\n<li><span style=\"color: #008000;\">&#8230; amano la variet\u00e0 e la diversit\u00e0, ma vogliono anche agire in modo responsabile e sostenibile.<br \/>\n<\/span><\/li>\n<\/ul>\n<\/div><\/section>\n<div  class='hr av-1897mg4-3560f25b63240f3bbf624597191f672e hr-default  avia-builder-el-2  el_after_av_textblock  el_before_av_one_half '><span class='hr-inner '><span class=\"hr-inner-style\"><\/span><\/span><\/div>\n\n<style type=\"text\/css\" data-created_by=\"avia_inline_auto\" id=\"style-css-av-47tmbo-379ebe0d27042733867fc5c09f9ff206\">\n.flex_column.av-47tmbo-379ebe0d27042733867fc5c09f9ff206{\nborder-radius:0px 0px 0px 0px;\npadding:0px 0px 0px 0px;\n}\n<\/style>\n<div  class='flex_column av-47tmbo-379ebe0d27042733867fc5c09f9ff206 av_one_half  avia-builder-el-3  el_after_av_hr  el_before_av_one_half  first flex_column_div av-zero-column-padding  '     ><p>\n<style type=\"text\/css\" data-created_by=\"avia_inline_auto\" id=\"style-css-av-l9y8zxkb-04c2f8176efb389e141027bec380c1bd\">\n#top .av-special-heading.av-l9y8zxkb-04c2f8176efb389e141027bec380c1bd{\npadding-bottom:10px;\n}\nbody .av-special-heading.av-l9y8zxkb-04c2f8176efb389e141027bec380c1bd .av-special-heading-tag .heading-char{\nfont-size:25px;\n}\n.av-special-heading.av-l9y8zxkb-04c2f8176efb389e141027bec380c1bd .av-subheading{\nfont-size:15px;\n}\n<\/style>\n<div  class='av-special-heading av-l9y8zxkb-04c2f8176efb389e141027bec380c1bd av-special-heading-h4  avia-builder-el-4  el_before_av_textblock  avia-builder-el-first '><h4 class='av-special-heading-tag '  itemprop=\"headline\"  >Perch\u00e9 richiedere un certificato Low Carbon Timber?<\/h4><div class=\"special-heading-border\"><div class=\"special-heading-inner-border\"><\/div><\/div><\/div><br \/>\n<section  class='av_textblock_section av-13i0fg4-76c157e4d8a4ced173b11ed1bc6657f9 '   itemscope=\"itemscope\" itemtype=\"https:\/\/schema.org\/CreativeWork\" ><div class='avia_textblock'  itemprop=\"text\" ><p><strong><span style=\"color: #000000;\">Solo quando i clienti come voi chiederanno espressamente prodotti a breve distanza rispettosi del clima, le aziende modificheranno i le loro catene di approvviggionamento favorendo quelle a breve distanza&#8230;<br \/>\n<\/span><\/strong><\/p>\n<p>&#8230; e questo sta diventando sempre pi\u00f9 essenziale, perch\u00e9 il trasporto a scala globale di merci e materie prime contribuisce in modo significativo all&#8217;impronta ambientale dei prodotti. Oggi i trasporti sono la terza fontedi emissioni di gas climalteranti, insieme al consumo di energia e al disboscamento insostenibile delle foreste tropicali primari e delle foreste boreali in Russia, ad esempio. Il movimento globale delle merci \u00e8 in forte crescita da anni e continuer\u00e0 a crescere. I trasporti sono anche l&#8217;unico settore dell&#8217;UE con emissioni di CO2 in costante aumento anzich\u00e9 in diminuzione. Questo non solo ha un notevole impatto sull&#8217;ambiente e sul clima, ma comporta anche elevati costi economici.<\/p>\n<\/div><\/section><\/p><\/div>\n<style type=\"text\/css\" data-created_by=\"avia_inline_auto\" id=\"style-css-av-47tmbo-2608040fb7d59c8d2ca7c658deadc16a\">\n.flex_column.av-47tmbo-2608040fb7d59c8d2ca7c658deadc16a{\nborder-radius:0px 0px 0px 0px;\npadding:0px 0px 0px 0px;\n}\n<\/style>\n<div  class='flex_column av-47tmbo-2608040fb7d59c8d2ca7c658deadc16a av_one_half  avia-builder-el-6  el_after_av_one_half  el_before_av_one_half  flex_column_div av-zero-column-padding  '     ><p>\n<style type=\"text\/css\" data-created_by=\"avia_inline_auto\" id=\"style-css-av-l9y91j16-f03f13c35aea01c1e721cb14a791046b\">\n#top .av-special-heading.av-l9y91j16-f03f13c35aea01c1e721cb14a791046b{\npadding-bottom:10px;\n}\nbody .av-special-heading.av-l9y91j16-f03f13c35aea01c1e721cb14a791046b .av-special-heading-tag .heading-char{\nfont-size:25px;\n}\n.av-special-heading.av-l9y91j16-f03f13c35aea01c1e721cb14a791046b .av-subheading{\nfont-size:15px;\n}\n<\/style>\n<div  class='av-special-heading av-l9y91j16-f03f13c35aea01c1e721cb14a791046b av-special-heading-h4  avia-builder-el-7  el_before_av_textblock  avia-builder-el-first '><h4 class='av-special-heading-tag '  itemprop=\"headline\"  >Il vostro contributo alla protezione del clima<\/h4><div class=\"special-heading-border\"><div class=\"special-heading-inner-border\"><\/div><\/div><\/div><br \/>\n<section  class='av_textblock_section av-13i0fg4-76c157e4d8a4ced173b11ed1bc6657f9 '   itemscope=\"itemscope\" itemtype=\"https:\/\/schema.org\/CreativeWork\" ><div class='avia_textblock'  itemprop=\"text\" ><p><strong><span style=\"color: #000000;\">Acquistare prodotti realizzati con legno a breve distanza significa tutelare il clima e l&#8217;ambiente, nonch\u00e9 creare valore regionale.<br \/>\n<\/span><\/strong><\/p>\n<p>Acquistando prodotti certificati Low Carbon Timber\u00ae, date un contributo concreto e importante alla protezione del clima. Raramente la protezione del clima e dell&#8217;ambiente pu\u00f2 essere attuata in modo cos\u00ec semplice. Gran parte dei flussi di merci sono inutili e possono essere evitati grazie ai cicli produttivi regionali a breve distanza. L&#8217;acquisto di un prodotto con l&#8217;LCT permette di ottenere molto di pi\u00f9 rispetto a molte misure di protezione del clima conosciute finora. Anche le brevi distanze nel caso dei prodotti in legno possono far risparmiare enormi quantit\u00e0 di CO2 . La quantit\u00e0 di CO2 che pu\u00f2 essere effettivamente risparmiata attraverso le brevi distanze \u00e8 spesso ampiamente sottovalutata. Qui troverete un confronto di CO2 tra i prodotti certificati Low Carbon Timber\u00ae e le misure di risparmio di CO2 di tipo tradizionale<\/p>\n<\/div><\/section><\/p><\/div>\n<style type=\"text\/css\" data-created_by=\"avia_inline_auto\" id=\"style-css-av-4otz2s-e0ac2e0d25e4ef2e23cf14b1dd4aac46\">\n.flex_column.av-4otz2s-e0ac2e0d25e4ef2e23cf14b1dd4aac46{\nborder-radius:0px 0px 0px 0px;\npadding:0px 0px 0px 0px;\n}\n<\/style>\n<div  class='flex_column av-4otz2s-e0ac2e0d25e4ef2e23cf14b1dd4aac46 av_one_half  avia-builder-el-9  el_after_av_one_half  el_before_av_one_half  first flex_column_div av-zero-column-padding  column-top-margin'     ><p>\n<style type=\"text\/css\" data-created_by=\"avia_inline_auto\" id=\"style-css-av-l9y92p0a-8cf1b4c8de52c599bba0b9d3c640ede5\">\n#top .av-special-heading.av-l9y92p0a-8cf1b4c8de52c599bba0b9d3c640ede5{\npadding-bottom:10px;\n}\nbody .av-special-heading.av-l9y92p0a-8cf1b4c8de52c599bba0b9d3c640ede5 .av-special-heading-tag .heading-char{\nfont-size:25px;\n}\n.av-special-heading.av-l9y92p0a-8cf1b4c8de52c599bba0b9d3c640ede5 .av-subheading{\nfont-size:15px;\n}\n<\/style>\n<div  class='av-special-heading av-l9y92p0a-8cf1b4c8de52c599bba0b9d3c640ede5 av-special-heading-h4  avia-builder-el-10  el_before_av_textblock  avia-builder-el-first '><h4 class='av-special-heading-tag '  itemprop=\"headline\"  >Come si riconoscono i prodotti <span class='special_amp'>&#8220;<\/span>Low Carbon Timber<span class='special_amp'>&#8221;<\/span>?<\/h4><div class=\"special-heading-border\"><div class=\"special-heading-inner-border\"><\/div><\/div><\/div><br \/>\n<section  class='av_textblock_section av-18kqsfo-5e97f6fb6d0293dfd77aaa37c7cfe5a3 '   itemscope=\"itemscope\" itemtype=\"https:\/\/schema.org\/CreativeWork\" ><div class='avia_textblock'  itemprop=\"text\" ><p><strong><span style=\"color: #000000;\">Il marchio ecologico Low Carbon Timber\u00ae contraddistingue i prodotti in legno particolarmente rispettosi del clima, realizzati con materie prime provenienti da foreste nazionali gestite in modo sostenibile. Low Carbon Timber\u00ae \u00e8 l&#8217;unico marchio di qualit\u00e0 ecologica che traccia e verifica tutti i flussi di prodotto dalla foresta al prodotto stesso.<br \/>\n<\/span><\/strong><\/p>\n<p>Tuttavia, non ci si deve basare solo sulle autodichiarazioni delle aziende o dei commercianti. Anche il logo Low Carbon Timber non \u00e8 di per s\u00e9 una prova di distanza del prodotto, poich\u00e9 un fornitore pu\u00f2 offrire sia prodotti certificati Low Carbon Timber sia prodotti non certificati. Pertanto, chiedete sempre un certificato LCT per i vostri prodotti in legno.<\/p>\n<p>Qui potete trovare un esempio di certificato: &nbsp;<strong><a href=\"https:\/\/www.holz-von-hier.eu\/wp-content\/uploads\/2022\/07\/Musterzertifikat.pdf\" target=\"_blank\" rel=\"noopener\">Musterzertifikat<\/a><\/strong><\/p>\n<\/div><\/section><\/p><\/div>\n<style type=\"text\/css\" data-created_by=\"avia_inline_auto\" id=\"style-css-av-1hp04tg-234a20ae2e0aedddbd3049fdf6b5867f\">\n.flex_column.av-1hp04tg-234a20ae2e0aedddbd3049fdf6b5867f{\nborder-radius:0px 0px 0px 0px;\npadding:0px 0px 0px 0px;\n}\n<\/style>\n<div  class='flex_column av-1hp04tg-234a20ae2e0aedddbd3049fdf6b5867f av_one_half  avia-builder-el-12  el_after_av_one_half  avia-builder-el-last  flex_column_div av-zero-column-padding  column-top-margin'     ><p>\n<style type=\"text\/css\" data-created_by=\"avia_inline_auto\" id=\"style-css-av-l9y94yxm-f47d364bd8aaa00ac5d890aa9e998bfa\">\n#top .av-special-heading.av-l9y94yxm-f47d364bd8aaa00ac5d890aa9e998bfa{\npadding-bottom:10px;\n}\nbody .av-special-heading.av-l9y94yxm-f47d364bd8aaa00ac5d890aa9e998bfa .av-special-heading-tag .heading-char{\nfont-size:25px;\n}\n.av-special-heading.av-l9y94yxm-f47d364bd8aaa00ac5d890aa9e998bfa .av-subheading{\nfont-size:15px;\n}\n<\/style>\n<div  class='av-special-heading av-l9y94yxm-f47d364bd8aaa00ac5d890aa9e998bfa av-special-heading-h4  avia-builder-el-13  el_before_av_textblock  avia-builder-el-first '><h4 class='av-special-heading-tag '  itemprop=\"headline\"  >Trova fornitori e prodotti<\/h4><div class=\"special-heading-border\"><div class=\"special-heading-inner-border\"><\/div><\/div><\/div><br \/>\n<section  class='av_textblock_section av-1eoxyis-4ffaa5e921194e7798d8ffaaece80a05 '   itemscope=\"itemscope\" itemtype=\"https:\/\/schema.org\/CreativeWork\" ><div class='avia_textblock'  itemprop=\"text\" ><p><strong><span style=\"color: #000000;\">Quasi tutti i prodotti che potrebbero interessarti sono disponibili con il marchio Low Carbon Timber (LCT). Se non riuscite a trovare il prodotto desiderato con il certificato LCT chiedetelo! <\/span><br \/>\n<\/strong><\/p>\n<p>Anche se il progettista, la segheria, la falegnameria, il negozio di mobili, il negozio di bricolage o il rivenditore di energia presso il quale siete clienti non hanno ancora sentito parlare di di Low Carbon Timber (LCT), possono certificarsi in tempi molto rapidi. \u00c8 fondamentale che il cliente richieda il certificato LCT, solo se i clienti, come VOI, chiederanno specificatamente prodotti rispettosi del clima basati su catene di approviggionamento brevi, le aziende modificheranno il proprio sistema di aquisti. Si tratta di un contributo essenziale alla protezione del clima che potete dare con il vostro acquisto.<\/p>\n<\/div><\/section><br \/>\n<div  class='avia-button-wrap av-1cdmk4k-1081490f4e3261e8f78c876e6122cde5-wrap avia-button-center  avia-builder-el-15  el_after_av_textblock  avia-builder-el-last '><a href=''  class='avia-button av-1cdmk4k-1081490f4e3261e8f78c876e6122cde5 av-link-btn avia-icon_select-no avia-size-medium avia-position-center avia-color-theme-color'  target=\"_blank\"  rel=\"noopener noreferrer\"  aria-label=\"Trova prodotti\"><span class='avia_iconbox_title' >Trova prodotti<\/span><\/a><\/div><\/p><\/div><\/p>\n","protected":false},"excerpt":{"rendered":"","protected":false},"author":5,"featured_media":0,"parent":0,"menu_order":0,"comment_status":"closed","ping_status":"closed","template":"","meta":{"footnotes":""},"class_list":["post-7538","page","type-page","status-publish","hentry"],"yoast_head":"<!-- This site is optimized with the Yoast SEO plugin v27.3 - https:\/\/yoast.com\/product\/yoast-seo-wordpress\/ -->\n<title>Low Carbon Timber per i clienti - HOLZ VON HIER<\/title>\n<meta name=\"robots\" content=\"index, follow, max-snippet:-1, max-image-preview:large, max-video-preview:-1\" \/>\n<link rel=\"canonical\" href=\"https:\/\/www.holz-von-hier.eu\/it\/fuer-kunden-alt\/\" \/>\n<meta property=\"og:locale\" content=\"it_IT\" \/>\n<meta property=\"og:type\" content=\"article\" \/>\n<meta property=\"og:title\" content=\"Low Carbon Timber per i clienti - HOLZ VON HIER\" \/>\n<meta property=\"og:url\" content=\"https:\/\/www.holz-von-hier.eu\/it\/fuer-kunden-alt\/\" \/>\n<meta property=\"og:site_name\" content=\"HOLZ VON HIER\" \/>\n<meta property=\"article:publisher\" content=\"https:\/\/www.facebook.com\/HolzVonHier\/\" \/>\n<meta property=\"article:modified_time\" content=\"2023-03-05T06:54:02+00:00\" \/>\n<meta name=\"twitter:card\" content=\"summary_large_image\" \/>\n<meta name=\"twitter:site\" content=\"@HolzvonHier\" \/>\n<meta name=\"twitter:label1\" content=\"Tempo di lettura stimato\" \/>\n\t<meta name=\"twitter:data1\" content=\"7 minuti\" \/>\n<script type=\"application\/ld+json\" class=\"yoast-schema-graph\">{\"@context\":\"https:\\\/\\\/schema.org\",\"@graph\":[{\"@type\":\"WebPage\",\"@id\":\"https:\\\/\\\/www.holz-von-hier.eu\\\/it\\\/fuer-kunden-alt\\\/\",\"url\":\"https:\\\/\\\/www.holz-von-hier.eu\\\/it\\\/fuer-kunden-alt\\\/\",\"name\":\"Low Carbon Timber per i clienti - HOLZ VON HIER\",\"isPartOf\":{\"@id\":\"https:\\\/\\\/www.holz-von-hier.eu\\\/it\\\/#website\"},\"datePublished\":\"2018-12-14T13:12:00+00:00\",\"dateModified\":\"2023-03-05T06:54:02+00:00\",\"breadcrumb\":{\"@id\":\"https:\\\/\\\/www.holz-von-hier.eu\\\/it\\\/fuer-kunden-alt\\\/#breadcrumb\"},\"inLanguage\":\"it-IT\",\"potentialAction\":[{\"@type\":\"ReadAction\",\"target\":[\"https:\\\/\\\/www.holz-von-hier.eu\\\/it\\\/fuer-kunden-alt\\\/\"]}]},{\"@type\":\"BreadcrumbList\",\"@id\":\"https:\\\/\\\/www.holz-von-hier.eu\\\/it\\\/fuer-kunden-alt\\\/#breadcrumb\",\"itemListElement\":[{\"@type\":\"ListItem\",\"position\":1,\"name\":\"Startseite\",\"item\":\"https:\\\/\\\/www.holz-von-hier.eu\\\/it\\\/home\\\/\"},{\"@type\":\"ListItem\",\"position\":2,\"name\":\"Low Carbon Timber per i clienti\"}]},{\"@type\":\"WebSite\",\"@id\":\"https:\\\/\\\/www.holz-von-hier.eu\\\/it\\\/#website\",\"url\":\"https:\\\/\\\/www.holz-von-hier.eu\\\/it\\\/\",\"name\":\"Holz von hier\",\"description\":\"Umweltlabel f\u00fcr klimafreundlich hergestellte, nachhaltige Produkte aus Holz.\",\"publisher\":{\"@id\":\"https:\\\/\\\/www.holz-von-hier.eu\\\/it\\\/#organization\"},\"potentialAction\":[{\"@type\":\"SearchAction\",\"target\":{\"@type\":\"EntryPoint\",\"urlTemplate\":\"https:\\\/\\\/www.holz-von-hier.eu\\\/it\\\/?s={search_term_string}\"},\"query-input\":{\"@type\":\"PropertyValueSpecification\",\"valueRequired\":true,\"valueName\":\"search_term_string\"}}],\"inLanguage\":\"it-IT\"},{\"@type\":\"Organization\",\"@id\":\"https:\\\/\\\/www.holz-von-hier.eu\\\/it\\\/#organization\",\"name\":\"Holz von hier\",\"url\":\"https:\\\/\\\/www.holz-von-hier.eu\\\/it\\\/\",\"logo\":{\"@type\":\"ImageObject\",\"inLanguage\":\"it-IT\",\"@id\":\"https:\\\/\\\/www.holz-von-hier.eu\\\/it\\\/#\\\/schema\\\/logo\\\/image\\\/\",\"url\":\"https:\\\/\\\/www.holz-von-hier.eu\\\/wp-content\\\/uploads\\\/2022\\\/11\\\/Logo_neu_3-1.jpg\",\"contentUrl\":\"https:\\\/\\\/www.holz-von-hier.eu\\\/wp-content\\\/uploads\\\/2022\\\/11\\\/Logo_neu_3-1.jpg\",\"width\":495,\"height\":140,\"caption\":\"Holz von hier\"},\"image\":{\"@id\":\"https:\\\/\\\/www.holz-von-hier.eu\\\/it\\\/#\\\/schema\\\/logo\\\/image\\\/\"},\"sameAs\":[\"https:\\\/\\\/www.facebook.com\\\/HolzVonHier\\\/\",\"https:\\\/\\\/x.com\\\/HolzvonHier\"]}]}<\/script>\n<!-- \/ Yoast SEO plugin. -->","yoast_head_json":{"title":"Low Carbon Timber per i clienti - HOLZ VON HIER","robots":{"index":"index","follow":"follow","max-snippet":"max-snippet:-1","max-image-preview":"max-image-preview:large","max-video-preview":"max-video-preview:-1"},"canonical":"https:\/\/www.holz-von-hier.eu\/it\/fuer-kunden-alt\/","og_locale":"it_IT","og_type":"article","og_title":"Low Carbon Timber per i clienti - HOLZ VON HIER","og_url":"https:\/\/www.holz-von-hier.eu\/it\/fuer-kunden-alt\/","og_site_name":"HOLZ VON HIER","article_publisher":"https:\/\/www.facebook.com\/HolzVonHier\/","article_modified_time":"2023-03-05T06:54:02+00:00","twitter_card":"summary_large_image","twitter_site":"@HolzvonHier","twitter_misc":{"Tempo di lettura stimato":"7 minuti"},"schema":{"@context":"https:\/\/schema.org","@graph":[{"@type":"WebPage","@id":"https:\/\/www.holz-von-hier.eu\/it\/fuer-kunden-alt\/","url":"https:\/\/www.holz-von-hier.eu\/it\/fuer-kunden-alt\/","name":"Low Carbon Timber per i clienti - HOLZ VON HIER","isPartOf":{"@id":"https:\/\/www.holz-von-hier.eu\/it\/#website"},"datePublished":"2018-12-14T13:12:00+00:00","dateModified":"2023-03-05T06:54:02+00:00","breadcrumb":{"@id":"https:\/\/www.holz-von-hier.eu\/it\/fuer-kunden-alt\/#breadcrumb"},"inLanguage":"it-IT","potentialAction":[{"@type":"ReadAction","target":["https:\/\/www.holz-von-hier.eu\/it\/fuer-kunden-alt\/"]}]},{"@type":"BreadcrumbList","@id":"https:\/\/www.holz-von-hier.eu\/it\/fuer-kunden-alt\/#breadcrumb","itemListElement":[{"@type":"ListItem","position":1,"name":"Startseite","item":"https:\/\/www.holz-von-hier.eu\/it\/home\/"},{"@type":"ListItem","position":2,"name":"Low Carbon Timber per i clienti"}]},{"@type":"WebSite","@id":"https:\/\/www.holz-von-hier.eu\/it\/#website","url":"https:\/\/www.holz-von-hier.eu\/it\/","name":"Holz von hier","description":"Umweltlabel f\u00fcr klimafreundlich hergestellte, nachhaltige Produkte aus Holz.","publisher":{"@id":"https:\/\/www.holz-von-hier.eu\/it\/#organization"},"potentialAction":[{"@type":"SearchAction","target":{"@type":"EntryPoint","urlTemplate":"https:\/\/www.holz-von-hier.eu\/it\/?s={search_term_string}"},"query-input":{"@type":"PropertyValueSpecification","valueRequired":true,"valueName":"search_term_string"}}],"inLanguage":"it-IT"},{"@type":"Organization","@id":"https:\/\/www.holz-von-hier.eu\/it\/#organization","name":"Holz von hier","url":"https:\/\/www.holz-von-hier.eu\/it\/","logo":{"@type":"ImageObject","inLanguage":"it-IT","@id":"https:\/\/www.holz-von-hier.eu\/it\/#\/schema\/logo\/image\/","url":"https:\/\/www.holz-von-hier.eu\/wp-content\/uploads\/2022\/11\/Logo_neu_3-1.jpg","contentUrl":"https:\/\/www.holz-von-hier.eu\/wp-content\/uploads\/2022\/11\/Logo_neu_3-1.jpg","width":495,"height":140,"caption":"Holz von hier"},"image":{"@id":"https:\/\/www.holz-von-hier.eu\/it\/#\/schema\/logo\/image\/"},"sameAs":["https:\/\/www.facebook.com\/HolzVonHier\/","https:\/\/x.com\/HolzvonHier"]}]}},"_links":{"self":[{"href":"https:\/\/www.holz-von-hier.eu\/it\/wp-json\/wp\/v2\/pages\/7538","targetHints":{"allow":["GET"]}}],"collection":[{"href":"https:\/\/www.holz-von-hier.eu\/it\/wp-json\/wp\/v2\/pages"}],"about":[{"href":"https:\/\/www.holz-von-hier.eu\/it\/wp-json\/wp\/v2\/types\/page"}],"author":[{"embeddable":true,"href":"https:\/\/www.holz-von-hier.eu\/it\/wp-json\/wp\/v2\/users\/5"}],"replies":[{"embeddable":true,"href":"https:\/\/www.holz-von-hier.eu\/it\/wp-json\/wp\/v2\/comments?post=7538"}],"version-history":[{"count":0,"href":"https:\/\/www.holz-von-hier.eu\/it\/wp-json\/wp\/v2\/pages\/7538\/revisions"}],"wp:attachment":[{"href":"https:\/\/www.holz-von-hier.eu\/it\/wp-json\/wp\/v2\/media?parent=7538"}],"curies":[{"name":"wp","href":"https:\/\/api.w.org\/{rel}","templated":true}]}}