{"id":7552,"date":"2022-09-22T18:55:23","date_gmt":"2022-09-22T16:55:23","guid":{"rendered":"https:\/\/www.holz-von-hier.eu\/?page_id=7300"},"modified":"2023-03-05T07:38:46","modified_gmt":"2023-03-05T06:38:46","slug":"holz-von-hier-fuer-architekten-neu","status":"publish","type":"page","link":"https:\/\/www.holz-von-hier.eu\/it\/holz-von-hier-fuer-architekten-neu\/","title":{"rendered":"Low Carbon Timber per gli architetti"},"content":{"rendered":"\n<style type=\"text\/css\" data-created_by=\"avia_inline_auto\" id=\"style-css-av-av_heading-4687808a0bc113bae1cff9e3a760e42c\">\n#top .av-special-heading.av-av_heading-4687808a0bc113bae1cff9e3a760e42c{\npadding-bottom:10px;\n}\nbody .av-special-heading.av-av_heading-4687808a0bc113bae1cff9e3a760e42c .av-special-heading-tag .heading-char{\nfont-size:25px;\n}\n.av-special-heading.av-av_heading-4687808a0bc113bae1cff9e3a760e42c .av-subheading{\nfont-size:15px;\n}\n<\/style>\n<div  class='av-special-heading av-av_heading-4687808a0bc113bae1cff9e3a760e42c av-special-heading-h2  avia-builder-el-0  el_before_av_hr  avia-builder-el-first '><h2 class='av-special-heading-tag '  itemprop=\"headline\"  >Low Carbon Timber per gli architetti<\/h2><div class=\"special-heading-border\"><div class=\"special-heading-inner-border\"><\/div><\/div><\/div>\n<div  class='hr av-3avrzo-c4c2acda344e6b4c468cb66811431355 hr-default  avia-builder-el-1  el_after_av_heading  el_before_av_one_full '><span class='hr-inner '><span class=\"hr-inner-style\"><\/span><\/span><\/div>\n\n<style type=\"text\/css\" data-created_by=\"avia_inline_auto\" id=\"style-css-av-8nckpw-b150938be119d470838ff1de8b8562fe\">\n.flex_column.av-8nckpw-b150938be119d470838ff1de8b8562fe{\nborder-radius:0px 0px 0px 0px;\npadding:0px 0px 0px 0px;\n}\n<\/style>\n<div  class='flex_column av-8nckpw-b150938be119d470838ff1de8b8562fe av_one_full  avia-builder-el-2  el_after_av_hr  el_before_av_textblock  first flex_column_div av-zero-column-padding  '     ><style type=\"text\/css\" data-created_by=\"avia_inline_auto\" id=\"style-css-av-l9y4yyde-b7e4c5243beeec295c22abb50c70d00f\">\n#top .av-special-heading.av-l9y4yyde-b7e4c5243beeec295c22abb50c70d00f{\npadding-bottom:10px;\n}\nbody .av-special-heading.av-l9y4yyde-b7e4c5243beeec295c22abb50c70d00f .av-special-heading-tag .heading-char{\nfont-size:25px;\n}\n.av-special-heading.av-l9y4yyde-b7e4c5243beeec295c22abb50c70d00f .av-subheading{\nfont-size:15px;\n}\n<\/style>\n<div  class='av-special-heading av-l9y4yyde-b7e4c5243beeec295c22abb50c70d00f av-special-heading-h3  avia-builder-el-3  avia-builder-el-no-sibling '><h3 class='av-special-heading-tag '  itemprop=\"headline\"  >Diamo insieme forma al futuro delle costruzioni <\/h3><div class=\"special-heading-border\"><div class=\"special-heading-inner-border\"><\/div><\/div><\/div><\/div>\n\n<style type=\"text\/css\" data-created_by=\"avia_inline_auto\" id=\"style-css-av-l8daos6i-937dd3a5d6e95a66957b812fa7bcf8be\">\n#top .av_textblock_section.av-l8daos6i-937dd3a5d6e95a66957b812fa7bcf8be .avia_textblock{\nfont-size:16px;\n}\n<\/style>\n<section  class='av_textblock_section av-l8daos6i-937dd3a5d6e95a66957b812fa7bcf8be '   itemscope=\"itemscope\" itemtype=\"https:\/\/schema.org\/CreativeWork\" ><div class='avia_textblock'  itemprop=\"text\" ><p>Con i loro edifici e i loro oggetti, i progettisti giocano un ruolo importante nel decidere se implementare o meno catene di approvvigionamento rispettose del clima e dell&#8217;ambiente ed efficienti dal punto di vista delle risorse. Per raggiungere questo obiettivo, devono anche prestare molta pi\u00f9 attenzione all&#8217;energia grigia delle catene a monte dei materiali e dei prodotti da costruzione utilizzati.<\/p>\n<p>Per poter monitorare questo aspetto e non doversi affidare alle autodichiarazioni dei fornitori, sono necessarie etichette come Low Carbon Timber (LCT). LCT traccia il flusso di materiali delle catene a monte fino al cantiere ed \u00e8 quindi pi\u00f9 preciso di qualsiasi altro strumento di valutazione ambientale finora disponibile per i progettisti.<\/p>\n<ul>\n<li><span style=\"color: #008000;\">L&#8217;etichetta ambientale Low Carbon Timber (LCT) contraddistingue prodotti eccellenti dal punto di vista climatico\/ambientale. Pu\u00f2 essere oggetto di una gara d&#8217;appalto, \u00e8 monitorato esternamente e legato al prodotto, ed \u00e8 gi\u00e0 riconosciuto come prova di un&#8217;estrazione sostenibile e responsabile delle materie prime.<\/span><\/li>\n<li><span style=\"color: #008000;\">L&#8217;impronta ambientale LCT \u00e8 conforme ai principi PEF dell&#8217;Unione Europea e fornisce dati di valutazione del ciclo di vita per la documentazione ambientale degli edifici.<br \/>\n<\/span><\/li>\n<li><span style=\"color: #008000;\">Il marchio ombrello Low Carbon Timber (LCT) e il materiale informativo disponibile facilitano il lavoro di promozione e di pubbliche relazioni con i clienti.<br \/>\n<\/span><\/li>\n<li><span style=\"color: #008000;\">I corsi di formazione per pianificatori ECO, che Low Carbon Timber svolge insieme alle organizzazioni di pianificatori in loco, come formazione interna o come webinar, vi offrono punti di forza unici grazie alla competenza in materia di sostenibilit\u00e0.<\/span><\/li>\n<\/ul>\n<\/div><\/section>\n<div  class='hr av-3avrzo-c4c2acda344e6b4c468cb66811431355 hr-default  avia-builder-el-5  el_after_av_textblock  el_before_av_one_half '><span class='hr-inner '><span class=\"hr-inner-style\"><\/span><\/span><\/div>\n\n<style type=\"text\/css\" data-created_by=\"avia_inline_auto\" id=\"style-css-av-7bt42c-7267f57f62d394bfb5ff184357409a8a\">\n.flex_column.av-7bt42c-7267f57f62d394bfb5ff184357409a8a{\nborder-radius:0px 0px 0px 0px;\npadding:0px 0px 0px 0px;\n}\n<\/style>\n<div  class='flex_column av-7bt42c-7267f57f62d394bfb5ff184357409a8a av_one_half  avia-builder-el-6  el_after_av_hr  el_before_av_one_half  first flex_column_div av-zero-column-padding  '     ><p>\n<style type=\"text\/css\" data-created_by=\"avia_inline_auto\" id=\"style-css-av-l9y549oq-f6bfc63caab44a8869d9ce38009a6f10\">\n#top .av-special-heading.av-l9y549oq-f6bfc63caab44a8869d9ce38009a6f10{\npadding-bottom:10px;\n}\nbody .av-special-heading.av-l9y549oq-f6bfc63caab44a8869d9ce38009a6f10 .av-special-heading-tag .heading-char{\nfont-size:25px;\n}\n.av-special-heading.av-l9y549oq-f6bfc63caab44a8869d9ce38009a6f10 .av-subheading{\nfont-size:15px;\n}\n<\/style>\n<div  class='av-special-heading av-l9y549oq-f6bfc63caab44a8869d9ce38009a6f10 av-special-heading-h3  avia-builder-el-7  el_before_av_textblock  avia-builder-el-first '><h3 class='av-special-heading-tag '  itemprop=\"headline\"  >Vantaggi per progettisti e architetti<\/h3><div class=\"special-heading-border\"><div class=\"special-heading-inner-border\"><\/div><\/div><\/div><br \/>\n<section  class='av_textblock_section av-l8dbbfah-dcef1c4b75499e6dbe634fa863faabfa '   itemscope=\"itemscope\" itemtype=\"https:\/\/schema.org\/CreativeWork\" ><div class='avia_textblock'  itemprop=\"text\" ><p>Low Carbon Timber supporta in modo completo i progettisti che partecipano a gare d&#8217;appalto e costruzioni con LCT in tutte le fasi di progettazione..<\/p>\n<ul>\n<li>Supporto nella <strong>pianificazione preliminare<\/strong> e nella comunicazione con il proprietario dell&#8217;edificio attraverso le informazioni e gli strumenti forniti nei documenti di formazione, come confronti di CO2, schede informative, liste di controllo, profili di gruppi di prodotti, ecc.<\/li>\n<li>Supporto nella fase di <strong>pianificazione<\/strong> attraverso l&#8217;assistenza nelle ricerche di mercato. Uno dei vantaggi dell&#8217;LCT per i progettisti \u00e8 che le aziende possono registrarsi ed essere certificate anche con breve preavviso, ad esempio nell&#8217;ambito di una gara d&#8217;appalto.<\/li>\n<li>Supporto nelle <strong>gare d&#8217;appalto<\/strong> controllando e monitorando l&#8217;impatto ambientale dei materiali e degli edifici attraverso il marchio e il certificato ecologico LCT. LCT fornisce generalmente un supporto durante il processo di appalto, in quanto l&#8217;etichetta ambientale di tipo I in conformit\u00e0 con la norma ISO 14024 pu\u00f2 essere messa in gara e integrata come requisito nel capitolato o come voce di aggiudicazione. A tal fine, LCT mette a disposizione pareri legali, testi esemplificativi ed esempi pratici di gare d&#8217;appalto nell&#8217;Helpdesk per i progettisti. Gli offerenti devono allegare alle loro offerte un certificato di partecipazione o una dichiarazione di disponibilit\u00e0.<\/li>\n<li>L&#8217;LCT semplifica notevolmente la verifica dei criteri dell&#8217;offerta <strong>durante la supervisione dei lavori<\/strong>. Dopo l&#8217;aggiudicazione dell&#8217;appalto e al momento della fornitura del servizio, gli offerenti devono presentare un certificato specifico per i prodotti in legno utilizzati in conformit\u00e0 alle specifiche. Il progettista\/cliente\/costruttore pu\u00f2 verificare l&#8217;autenticit\u00e0 di questo certificato direttamente online.<\/li>\n<li>Supporto <strong>nella documentazione e nella promozione<\/strong> delle propriet\u00e0 e degli edifici attraverso informazioni ambientali appropriate, documentazione ambientale attraverso l&#8217;impronta ambientale LCT e il database degli edifici LCT per le propriet\u00e0 certificate. LCT \u00e8 anche uno strumento di comunicazione ottimale. Il materiale informativo fornito ai progettisti durante i corsi di formazione ECO Planner pu\u00f2 essere utilizzato per la comunicazione al proprietario dell&#8217;edificio.<\/li>\n<\/ul>\n<\/div><\/section><\/p><\/div>\n\n<style type=\"text\/css\" data-created_by=\"avia_inline_auto\" id=\"style-css-av-57nrsk-cab0623c121c8334182996cc4ab0934a\">\n.flex_column.av-57nrsk-cab0623c121c8334182996cc4ab0934a{\nborder-radius:0px 0px 0px 0px;\npadding:0px 0px 0px 0px;\n}\n<\/style>\n<div  class='flex_column av-57nrsk-cab0623c121c8334182996cc4ab0934a av_one_half  avia-builder-el-9  el_after_av_one_half  el_before_av_one_half  flex_column_div av-zero-column-padding  '     ><p>\n<style type=\"text\/css\" data-created_by=\"avia_inline_auto\" id=\"style-css-av-l9y5ccwr-4e6ceebee2ee0f6cc5afb4340c486d35\">\n#top .av-special-heading.av-l9y5ccwr-4e6ceebee2ee0f6cc5afb4340c486d35{\npadding-bottom:10px;\n}\nbody .av-special-heading.av-l9y5ccwr-4e6ceebee2ee0f6cc5afb4340c486d35 .av-special-heading-tag .heading-char{\nfont-size:25px;\n}\n.av-special-heading.av-l9y5ccwr-4e6ceebee2ee0f6cc5afb4340c486d35 .av-subheading{\nfont-size:15px;\n}\n<\/style>\n<div  class='av-special-heading av-l9y5ccwr-4e6ceebee2ee0f6cc5afb4340c486d35 av-special-heading-h3  avia-builder-el-10  el_before_av_textblock  avia-builder-el-first '><h3 class='av-special-heading-tag '  itemprop=\"headline\"  >Corsi di formazione ECO Planer<\/h3><div class=\"special-heading-border\"><div class=\"special-heading-inner-border\"><\/div><\/div><\/div><br \/>\n<section  class='av_textblock_section av-l8dbc0hk-69afa17114f4bfecfc0be6ad6d122642 '   itemscope=\"itemscope\" itemtype=\"https:\/\/schema.org\/CreativeWork\" ><div class='avia_textblock'  itemprop=\"text\" ><p>Low Carbon Timber ha sviluppato, in collaborazione con le associazioni di architetti, un programma di formazione sul tema &#8220;Pianificazione ed edilizia sostenibile e rispettosa del clima&#8221;, gli &#8220;ECO Planner Trainings&#8221;. Questi corsi di formazione modulari forniscono a progettisti e architetti informazioni e conoscenze di base su temi quali la valutazione del ciclo di vita, gli aspetti della sostenibilit\u00e0, la valutazione ambientale di prodotti e materiali, le gare d&#8217;appalto per gli aspetti ambientali e altro.<\/p>\n<p>Alcuni elementi del relativo &#8220;materiale formativo ECO-Planer&#8221; sono ad esempio: confronti tra le emissioni di CO2, schede di gruppi di prodotti, matrice di valutazione ambientale, la banca dati degli edifici Low Carbon Timber o l&#8217;helpdesk ECO-Planer con informazioni, materiali e modelli per l&#8217;integrazione dell&#8217;Ecolabel nelle gare d&#8217;appalto per progetti edilizi.<\/p>\n<p>Siete interessati?<\/p>\n<p>Cliccare qui per i <strong><a href=\"http:\/\/lct-hvh-trainings.eu\" target=\"_blank\" rel=\"noopener\">corsi di formazione ECO-Planer<\/a><\/strong>.<\/p>\n<\/div><\/section><\/p><\/div>\n\n<style type=\"text\/css\" data-created_by=\"avia_inline_auto\" id=\"style-css-av-42hflg-26aef5fbc72b8c21288d1ec275dcd3ee\">\n.flex_column.av-42hflg-26aef5fbc72b8c21288d1ec275dcd3ee{\nborder-radius:0px 0px 0px 0px;\npadding:0px 0px 0px 0px;\n}\n<\/style>\n<div  class='flex_column av-42hflg-26aef5fbc72b8c21288d1ec275dcd3ee av_one_half  avia-builder-el-12  el_after_av_one_half  el_before_av_one_half  first flex_column_div av-zero-column-padding  column-top-margin'     ><p>\n<style type=\"text\/css\" data-created_by=\"avia_inline_auto\" id=\"style-css-av-av_heading-6855af28f65c31c1078949ffc8d255c7\">\n#top .av-special-heading.av-av_heading-6855af28f65c31c1078949ffc8d255c7{\npadding-bottom:10px;\n}\nbody .av-special-heading.av-av_heading-6855af28f65c31c1078949ffc8d255c7 .av-special-heading-tag .heading-char{\nfont-size:25px;\n}\n.av-special-heading.av-av_heading-6855af28f65c31c1078949ffc8d255c7 .av-subheading{\nfont-size:15px;\n}\n<\/style>\n<div  class='av-special-heading av-av_heading-6855af28f65c31c1078949ffc8d255c7 av-special-heading-h3  avia-builder-el-13  el_before_av_textblock  avia-builder-el-first '><h3 class='av-special-heading-tag '  itemprop=\"headline\"  >Helpdesk &#8211; Low Carbon Timber nel processo di gara d\u2019appalto<\/h3><div class=\"special-heading-border\"><div class=\"special-heading-inner-border\"><\/div><\/div><\/div><br \/>\n<section  class='av_textblock_section av-l8dbu1c4-a4c42b06fa87bf88e80cee9957a1abcb '   itemscope=\"itemscope\" itemtype=\"https:\/\/schema.org\/CreativeWork\" ><div class='avia_textblock'  itemprop=\"text\" ><p>I progettisti e gli architetti hanno &#8211; intenzionalmente o meno, consapevolmente o meno &#8211; un&#8217;influenza decisiva sul flusso delle merci e sulle catene di fornitura dei prodotti. La leva decisiva in questo caso \u00e8 la progettazione dell&#8217;appalto.<\/p>\n<p>Se si vogliono utilizzare prodotti particolarmente rispettosi del clima, che influenzino positivamente il clima e l&#8217;equilibrio ambientale degli edifici, \u00e8 indispensabile che ci\u00f2 sia gi\u00e0 previsto nel bando di gara. Il marchio Low Carbon Timber \u00e8 particolarmente adatto a questo scopo.<\/p>\n<p>Per sapere quali sono i principi che contribuiscono a questo obiettivo e come \u00e8 possibile integrare in modo concreto il marchio di qualit\u00e0 ecologica nelle gare d&#8217;appalto, potete consultare l&#8217;Helpdesk per i progettisti. Contiene pareri di esperti sulla normativa in materia di appalti pubblici, istruzioni procedurali, testi esemplificativi ed esempi pratici.<\/p>\n<\/div><\/section><\/p><\/div>\n\n<style type=\"text\/css\" data-created_by=\"avia_inline_auto\" id=\"style-css-av-28utl0-09f9404a83891ddbaf36d8a17ffd437d\">\n.flex_column.av-28utl0-09f9404a83891ddbaf36d8a17ffd437d{\nborder-radius:0px 0px 0px 0px;\npadding:0px 0px 0px 0px;\n}\n<\/style>\n<div  class='flex_column av-28utl0-09f9404a83891ddbaf36d8a17ffd437d av_one_half  avia-builder-el-15  el_after_av_one_half  avia-builder-el-last  flex_column_div av-zero-column-padding  column-top-margin'     ><p>\n<style type=\"text\/css\" data-created_by=\"avia_inline_auto\" id=\"style-css-av-lev0v1le-a86959aadd98095c82422d96fcee80bb\">\n#top .av-special-heading.av-lev0v1le-a86959aadd98095c82422d96fcee80bb{\npadding-bottom:10px;\n}\nbody .av-special-heading.av-lev0v1le-a86959aadd98095c82422d96fcee80bb .av-special-heading-tag .heading-char{\nfont-size:25px;\n}\n.av-special-heading.av-lev0v1le-a86959aadd98095c82422d96fcee80bb .av-subheading{\nfont-size:15px;\n}\n<\/style>\n<div  class='av-special-heading av-lev0v1le-a86959aadd98095c82422d96fcee80bb av-special-heading-h3  avia-builder-el-16  el_before_av_textblock  avia-builder-el-first '><h3 class='av-special-heading-tag '  itemprop=\"headline\"  >Rete di professionisti<\/h3><div class=\"special-heading-border\"><div class=\"special-heading-inner-border\"><\/div><\/div><\/div><br \/>\n<section  class='av_textblock_section av-l8dazvds-3d9b595bc8908c8b97905cae946b95f5 '   itemscope=\"itemscope\" itemtype=\"https:\/\/schema.org\/CreativeWork\" ><div class='avia_textblock'  itemprop=\"text\" ><p>Spesso non \u00e8 facile per le impresi edili trovare architetti esperti in costruzioni in legno. Low Carbon Timber sta sviluppando una <strong><a href=\"https:\/\/www.holz-von-hier.eu\/planernetzwerk\/\" target=\"_blank\" rel=\"noopener\">rete di professionisti<\/a><\/strong> in modo che le imprese edili,gli enti pubblici o i privati cittadini possano trovare il loro &#8220;progettista con affinit\u00e0 alle costruzione in legno ed esperienza&#8221; che utilizzer\u00e0 Low Carbon Timber ogni volta che sar\u00e0 possibile.<\/p>\n<p>Entrate a far parte della rete di professionisti &#8211; gratuitamente &#8211; ad esempio dopo aver partecipato a un corso di formazione ECO-Planer.<\/p>\n<\/div><\/section><\/p><\/div>\n","protected":false},"excerpt":{"rendered":"","protected":false},"author":2,"featured_media":0,"parent":0,"menu_order":0,"comment_status":"closed","ping_status":"closed","template":"","meta":{"footnotes":""},"class_list":["post-7552","page","type-page","status-publish","hentry"],"yoast_head":"<!-- This site is optimized with the Yoast SEO plugin v27.4 - https:\/\/yoast.com\/product\/yoast-seo-wordpress\/ -->\n<title>Low Carbon Timber per gli architetti - HOLZ VON HIER<\/title>\n<meta name=\"robots\" content=\"index, follow, max-snippet:-1, max-image-preview:large, max-video-preview:-1\" \/>\n<link rel=\"canonical\" href=\"https:\/\/www.holz-von-hier.eu\/it\/holz-von-hier-fuer-architekten-neu\/\" \/>\n<meta property=\"og:locale\" content=\"it_IT\" \/>\n<meta property=\"og:type\" content=\"article\" \/>\n<meta property=\"og:title\" content=\"Low Carbon Timber per gli architetti - HOLZ VON HIER\" \/>\n<meta property=\"og:url\" content=\"https:\/\/www.holz-von-hier.eu\/it\/holz-von-hier-fuer-architekten-neu\/\" \/>\n<meta property=\"og:site_name\" content=\"HOLZ VON HIER\" \/>\n<meta property=\"article:publisher\" content=\"https:\/\/www.facebook.com\/HolzVonHier\/\" \/>\n<meta property=\"article:modified_time\" content=\"2023-03-05T06:38:46+00:00\" \/>\n<meta name=\"twitter:card\" content=\"summary_large_image\" \/>\n<meta name=\"twitter:site\" content=\"@HolzvonHier\" \/>\n<meta name=\"twitter:label1\" content=\"Tempo di lettura stimato\" \/>\n\t<meta name=\"twitter:data1\" content=\"11 minuti\" \/>\n<script type=\"application\/ld+json\" class=\"yoast-schema-graph\">{\"@context\":\"https:\\\/\\\/schema.org\",\"@graph\":[{\"@type\":\"WebPage\",\"@id\":\"https:\\\/\\\/www.holz-von-hier.eu\\\/it\\\/holz-von-hier-fuer-architekten-neu\\\/\",\"url\":\"https:\\\/\\\/www.holz-von-hier.eu\\\/it\\\/holz-von-hier-fuer-architekten-neu\\\/\",\"name\":\"Low Carbon Timber per gli architetti - HOLZ VON HIER\",\"isPartOf\":{\"@id\":\"https:\\\/\\\/www.holz-von-hier.eu\\\/it\\\/#website\"},\"datePublished\":\"2022-09-22T16:55:23+00:00\",\"dateModified\":\"2023-03-05T06:38:46+00:00\",\"breadcrumb\":{\"@id\":\"https:\\\/\\\/www.holz-von-hier.eu\\\/it\\\/holz-von-hier-fuer-architekten-neu\\\/#breadcrumb\"},\"inLanguage\":\"it-IT\",\"potentialAction\":[{\"@type\":\"ReadAction\",\"target\":[\"https:\\\/\\\/www.holz-von-hier.eu\\\/it\\\/holz-von-hier-fuer-architekten-neu\\\/\"]}]},{\"@type\":\"BreadcrumbList\",\"@id\":\"https:\\\/\\\/www.holz-von-hier.eu\\\/it\\\/holz-von-hier-fuer-architekten-neu\\\/#breadcrumb\",\"itemListElement\":[{\"@type\":\"ListItem\",\"position\":1,\"name\":\"Startseite\",\"item\":\"https:\\\/\\\/www.holz-von-hier.eu\\\/it\\\/home\\\/\"},{\"@type\":\"ListItem\",\"position\":2,\"name\":\"Low Carbon Timber per gli architetti\"}]},{\"@type\":\"WebSite\",\"@id\":\"https:\\\/\\\/www.holz-von-hier.eu\\\/it\\\/#website\",\"url\":\"https:\\\/\\\/www.holz-von-hier.eu\\\/it\\\/\",\"name\":\"Holz von hier\",\"description\":\"Umweltlabel f\u00fcr klimafreundlich hergestellte, nachhaltige Produkte aus Holz.\",\"publisher\":{\"@id\":\"https:\\\/\\\/www.holz-von-hier.eu\\\/it\\\/#organization\"},\"potentialAction\":[{\"@type\":\"SearchAction\",\"target\":{\"@type\":\"EntryPoint\",\"urlTemplate\":\"https:\\\/\\\/www.holz-von-hier.eu\\\/it\\\/?s={search_term_string}\"},\"query-input\":{\"@type\":\"PropertyValueSpecification\",\"valueRequired\":true,\"valueName\":\"search_term_string\"}}],\"inLanguage\":\"it-IT\"},{\"@type\":\"Organization\",\"@id\":\"https:\\\/\\\/www.holz-von-hier.eu\\\/it\\\/#organization\",\"name\":\"Holz von hier\",\"url\":\"https:\\\/\\\/www.holz-von-hier.eu\\\/it\\\/\",\"logo\":{\"@type\":\"ImageObject\",\"inLanguage\":\"it-IT\",\"@id\":\"https:\\\/\\\/www.holz-von-hier.eu\\\/it\\\/#\\\/schema\\\/logo\\\/image\\\/\",\"url\":\"https:\\\/\\\/www.holz-von-hier.eu\\\/wp-content\\\/uploads\\\/2022\\\/11\\\/Logo_neu_3-1.jpg\",\"contentUrl\":\"https:\\\/\\\/www.holz-von-hier.eu\\\/wp-content\\\/uploads\\\/2022\\\/11\\\/Logo_neu_3-1.jpg\",\"width\":495,\"height\":140,\"caption\":\"Holz von hier\"},\"image\":{\"@id\":\"https:\\\/\\\/www.holz-von-hier.eu\\\/it\\\/#\\\/schema\\\/logo\\\/image\\\/\"},\"sameAs\":[\"https:\\\/\\\/www.facebook.com\\\/HolzVonHier\\\/\",\"https:\\\/\\\/x.com\\\/HolzvonHier\"]}]}<\/script>\n<!-- \/ Yoast SEO plugin. -->","yoast_head_json":{"title":"Low Carbon Timber per gli architetti - HOLZ VON HIER","robots":{"index":"index","follow":"follow","max-snippet":"max-snippet:-1","max-image-preview":"max-image-preview:large","max-video-preview":"max-video-preview:-1"},"canonical":"https:\/\/www.holz-von-hier.eu\/it\/holz-von-hier-fuer-architekten-neu\/","og_locale":"it_IT","og_type":"article","og_title":"Low Carbon Timber per gli architetti - HOLZ VON HIER","og_url":"https:\/\/www.holz-von-hier.eu\/it\/holz-von-hier-fuer-architekten-neu\/","og_site_name":"HOLZ VON HIER","article_publisher":"https:\/\/www.facebook.com\/HolzVonHier\/","article_modified_time":"2023-03-05T06:38:46+00:00","twitter_card":"summary_large_image","twitter_site":"@HolzvonHier","twitter_misc":{"Tempo di lettura stimato":"11 minuti"},"schema":{"@context":"https:\/\/schema.org","@graph":[{"@type":"WebPage","@id":"https:\/\/www.holz-von-hier.eu\/it\/holz-von-hier-fuer-architekten-neu\/","url":"https:\/\/www.holz-von-hier.eu\/it\/holz-von-hier-fuer-architekten-neu\/","name":"Low Carbon Timber per gli architetti - HOLZ VON HIER","isPartOf":{"@id":"https:\/\/www.holz-von-hier.eu\/it\/#website"},"datePublished":"2022-09-22T16:55:23+00:00","dateModified":"2023-03-05T06:38:46+00:00","breadcrumb":{"@id":"https:\/\/www.holz-von-hier.eu\/it\/holz-von-hier-fuer-architekten-neu\/#breadcrumb"},"inLanguage":"it-IT","potentialAction":[{"@type":"ReadAction","target":["https:\/\/www.holz-von-hier.eu\/it\/holz-von-hier-fuer-architekten-neu\/"]}]},{"@type":"BreadcrumbList","@id":"https:\/\/www.holz-von-hier.eu\/it\/holz-von-hier-fuer-architekten-neu\/#breadcrumb","itemListElement":[{"@type":"ListItem","position":1,"name":"Startseite","item":"https:\/\/www.holz-von-hier.eu\/it\/home\/"},{"@type":"ListItem","position":2,"name":"Low Carbon Timber per gli architetti"}]},{"@type":"WebSite","@id":"https:\/\/www.holz-von-hier.eu\/it\/#website","url":"https:\/\/www.holz-von-hier.eu\/it\/","name":"Holz von hier","description":"Umweltlabel f\u00fcr klimafreundlich hergestellte, nachhaltige Produkte aus Holz.","publisher":{"@id":"https:\/\/www.holz-von-hier.eu\/it\/#organization"},"potentialAction":[{"@type":"SearchAction","target":{"@type":"EntryPoint","urlTemplate":"https:\/\/www.holz-von-hier.eu\/it\/?s={search_term_string}"},"query-input":{"@type":"PropertyValueSpecification","valueRequired":true,"valueName":"search_term_string"}}],"inLanguage":"it-IT"},{"@type":"Organization","@id":"https:\/\/www.holz-von-hier.eu\/it\/#organization","name":"Holz von hier","url":"https:\/\/www.holz-von-hier.eu\/it\/","logo":{"@type":"ImageObject","inLanguage":"it-IT","@id":"https:\/\/www.holz-von-hier.eu\/it\/#\/schema\/logo\/image\/","url":"https:\/\/www.holz-von-hier.eu\/wp-content\/uploads\/2022\/11\/Logo_neu_3-1.jpg","contentUrl":"https:\/\/www.holz-von-hier.eu\/wp-content\/uploads\/2022\/11\/Logo_neu_3-1.jpg","width":495,"height":140,"caption":"Holz von hier"},"image":{"@id":"https:\/\/www.holz-von-hier.eu\/it\/#\/schema\/logo\/image\/"},"sameAs":["https:\/\/www.facebook.com\/HolzVonHier\/","https:\/\/x.com\/HolzvonHier"]}]}},"_links":{"self":[{"href":"https:\/\/www.holz-von-hier.eu\/it\/wp-json\/wp\/v2\/pages\/7552","targetHints":{"allow":["GET"]}}],"collection":[{"href":"https:\/\/www.holz-von-hier.eu\/it\/wp-json\/wp\/v2\/pages"}],"about":[{"href":"https:\/\/www.holz-von-hier.eu\/it\/wp-json\/wp\/v2\/types\/page"}],"author":[{"embeddable":true,"href":"https:\/\/www.holz-von-hier.eu\/it\/wp-json\/wp\/v2\/users\/2"}],"replies":[{"embeddable":true,"href":"https:\/\/www.holz-von-hier.eu\/it\/wp-json\/wp\/v2\/comments?post=7552"}],"version-history":[{"count":0,"href":"https:\/\/www.holz-von-hier.eu\/it\/wp-json\/wp\/v2\/pages\/7552\/revisions"}],"wp:attachment":[{"href":"https:\/\/www.holz-von-hier.eu\/it\/wp-json\/wp\/v2\/media?parent=7552"}],"curies":[{"name":"wp","href":"https:\/\/api.w.org\/{rel}","templated":true}]}}